{"id":22042,"date":"2024-08-28T20:09:37","date_gmt":"2024-08-28T20:09:37","guid":{"rendered":"https:\/\/www.hadesbusinesscenter.com\/services-pro\/"},"modified":"2024-11-03T09:01:56","modified_gmt":"2024-11-03T09:01:56","slug":"services-pro","status":"publish","type":"page","link":"https:\/\/www.hadesbusinesscenter.com\/fr\/services-pro\/","title":{"rendered":"Services Pro"},"content":{"rendered":"\t\t<div data-elementor-type=\"wp-page\" data-elementor-id=\"22042\" class=\"elementor elementor-22042 elementor-21364\" data-elementor-post-type=\"page\">\n\t\t\t\t\t\t<section class=\"elementor-section elementor-top-section elementor-element elementor-element-6e17fad elementor-section-stretched page-title-section elementor-section-full_width elementor-section-height-default elementor-section-height-default\" data-id=\"6e17fad\" data-element_type=\"section\" data-e-type=\"section\" data-settings=\"{&quot;stretch_section&quot;:&quot;section-stretched&quot;,&quot;background_background&quot;:&quot;classic&quot;}\">\n\t\t\t\t\t\t\t<div class=\"elementor-background-overlay\"><\/div>\n\t\t\t\t\t\t\t<div class=\"elementor-container elementor-column-gap-no\">\n\t\t\t\t\t<div class=\"elementor-column elementor-col-100 elementor-top-column elementor-element elementor-element-eea287d\" data-id=\"eea287d\" data-element_type=\"column\" data-e-type=\"column\">\n\t\t\t<div class=\"elementor-widget-wrap elementor-element-populated\">\n\t\t\t\t\t\t<section class=\"elementor-section elementor-inner-section elementor-element elementor-element-15848f6 elementor-section-boxed elementor-section-height-default elementor-section-height-default\" data-id=\"15848f6\" data-element_type=\"section\" data-e-type=\"section\">\n\t\t\t\t\t\t<div class=\"elementor-container elementor-column-gap-extended\">\n\t\t\t\t\t<div class=\"elementor-column elementor-col-100 elementor-inner-column elementor-element elementor-element-bfa8ca8\" data-id=\"bfa8ca8\" data-element_type=\"column\" data-e-type=\"column\">\n\t\t\t<div class=\"elementor-widget-wrap elementor-element-populated\">\n\t\t\t\t\t\t<div class=\"elementor-element elementor-element-631ac06 mb-0 elementor-widget elementor-widget-text-editor\" data-id=\"631ac06\" data-element_type=\"widget\" data-e-type=\"widget\" data-widget_type=\"text-editor.default\">\n\t\t\t\t<div class=\"elementor-widget-container\">\n\t\t\t\t\t\t\t\t\t<h1>Services Pro<\/h1>\n\t\t\t\t\t\t\t\t<\/div>\n\t\t\t\t<\/div>\n\t\t\t\t<div class=\"elementor-element elementor-element-9d5fc2a mb-0 elementor-widget elementor-widget-text-editor\" data-id=\"9d5fc2a\" data-element_type=\"widget\" data-e-type=\"widget\" data-widget_type=\"text-editor.default\">\n\t\t\t\t<div class=\"elementor-widget-container\">\n\t\t\t\t\t\t\t\t\t<ul>\n<li><a href=\"https:\/\/www.hadesbusinesscenter.com\/fr\/\">Accueil<\/a><\/li>\n<li>A propos de nous<\/li>\n<\/ul>\n\t\t\t\t\t\t\t\t<\/div>\n\t\t\t\t<\/div>\n\t\t\t\t\t<\/div>\n\t\t<\/div>\n\t\t\t\t\t<\/div>\n\t\t<\/section>\n\t\t\t\t<div class=\"elementor-element elementor-element-4463d1d mb-0 elementor-absolute elementor-widget elementor-widget-text-editor\" data-id=\"4463d1d\" data-element_type=\"widget\" data-e-type=\"widget\" data-settings=\"{&quot;_position&quot;:&quot;absolute&quot;}\" data-widget_type=\"text-editor.default\">\n\t\t\t\t<div class=\"elementor-widget-container\">\n\t\t\t\t\t\t\t\t\t<div class=\"shape-1\"><\/div>\n\t\t\t\t\t\t\t\t<\/div>\n\t\t\t\t<\/div>\n\t\t\t\t<div class=\"elementor-element elementor-element-be52322 mb-0 elementor-absolute elementor-widget elementor-widget-text-editor\" data-id=\"be52322\" data-element_type=\"widget\" data-e-type=\"widget\" data-settings=\"{&quot;_position&quot;:&quot;absolute&quot;}\" data-widget_type=\"text-editor.default\">\n\t\t\t\t<div class=\"elementor-widget-container\">\n\t\t\t\t\t\t\t\t\t<div class=\"shape-2\"><\/div>\n\t\t\t\t\t\t\t\t<\/div>\n\t\t\t\t<\/div>\n\t\t\t\t\t<\/div>\n\t\t<\/div>\n\t\t\t\t\t<\/div>\n\t\t<\/section>\n\t\t\t\t<section class=\"elementor-section elementor-top-section elementor-element elementor-element-86262d6 elementor-section-stretched about-style02 elementor-section-boxed elementor-section-height-default elementor-section-height-default\" data-id=\"86262d6\" data-element_type=\"section\" data-e-type=\"section\" data-settings=\"{&quot;stretch_section&quot;:&quot;section-stretched&quot;}\">\n\t\t\t\t\t\t<div class=\"elementor-container elementor-column-gap-no\">\n\t\t\t\t\t<div class=\"elementor-column elementor-col-100 elementor-top-column elementor-element elementor-element-2292b51\" data-id=\"2292b51\" data-element_type=\"column\" data-e-type=\"column\">\n\t\t\t<div class=\"elementor-widget-wrap elementor-element-populated\">\n\t\t\t\t\t\t<section class=\"elementor-section elementor-inner-section elementor-element elementor-element-528bf6a elementor-section-content-middle position-relative elementor-section-boxed elementor-section-height-default elementor-section-height-default\" data-id=\"528bf6a\" data-element_type=\"section\" data-e-type=\"section\">\n\t\t\t\t\t\t<div class=\"elementor-container elementor-column-gap-extended\">\n\t\t\t\t\t<div class=\"elementor-column elementor-col-50 elementor-inner-column elementor-element elementor-element-3b3459b\" data-id=\"3b3459b\" data-element_type=\"column\" data-e-type=\"column\">\n\t\t\t<div class=\"elementor-widget-wrap elementor-element-populated\">\n\t\t\t\t\t\t<div class=\"elementor-element elementor-element-7723e88 mb-0 elementor-widget elementor-widget-text-editor\" data-id=\"7723e88\" data-element_type=\"widget\" data-e-type=\"widget\" data-widget_type=\"text-editor.default\">\n\t\t\t\t<div class=\"elementor-widget-container\">\n\t\t\t\t\t\t\t\t\t<p><span class=\"exp-box d-none d-sm-block\">Plus de 10 ans d&#8217;exp\u00e9rience<\/span><\/p>\t\t\t\t\t\t\t\t<\/div>\n\t\t\t\t<\/div>\n\t\t\t\t<div class=\"elementor-element elementor-element-12beac6 mb-0 elementor-widget elementor-widget-image\" data-id=\"12beac6\" data-element_type=\"widget\" data-e-type=\"widget\" data-widget_type=\"image.default\">\n\t\t\t\t<div class=\"elementor-widget-container\">\n\t\t\t\t\t\t\t\t\t\t\t\t\t\t\t<img decoding=\"async\" src=\"https:\/\/www.hadesbusinesscenter.com\/wp-content\/uploads\/2024\/09\/slide-7-1.jpg\" title=\"slide-7\" alt=\"slide-7\" loading=\"lazy\" \/>\t\t\t\t\t\t\t\t\t\t\t\t\t\t\t<\/div>\n\t\t\t\t<\/div>\n\t\t\t\t<div class=\"elementor-element elementor-element-f8b8381 mb-0 elementor-widget elementor-widget-text-editor\" data-id=\"f8b8381\" data-element_type=\"widget\" data-e-type=\"widget\" data-widget_type=\"text-editor.default\">\n\t\t\t\t<div class=\"elementor-widget-container\">\n\t\t\t\t\t\t\t\t\t<div class=\"position-absolute bottom-0 left-0 bg-white w-45 w-lg-90 w-xxl-65 p-4 d-none d-sm-block\"><p class=\"text-dark fst-italic font-weight-600\">Travailler \u00e0 Monaco, c&#8217;est allier prestige et qualit\u00e9 de vie, dans un environnement dynamique o\u00f9 chaque journ\u00e9e offre de nouvelles opportunit\u00e9s de r\u00e9ussite.<\/p><h3 class=\"h5 text-primary mb-1\">&#8211; Yoep H.<\/h3><\/div>\t\t\t\t\t\t\t\t<\/div>\n\t\t\t\t<\/div>\n\t\t\t\t<div class=\"elementor-element elementor-element-363e2b8 mb-0 elementor-widget elementor-widget-text-editor\" data-id=\"363e2b8\" data-element_type=\"widget\" data-e-type=\"widget\" data-widget_type=\"text-editor.default\">\n\t\t\t\t<div class=\"elementor-widget-container\">\n\t\t\t\t\t\t\t\t\t<div class=\"shape-2 d-none d-sm-block\"><\/div>\n\t\t\t\t\t\t\t\t<\/div>\n\t\t\t\t<\/div>\n\t\t\t\t\t<\/div>\n\t\t<\/div>\n\t\t\t\t<div class=\"elementor-column elementor-col-50 elementor-inner-column elementor-element elementor-element-d86f8ad\" data-id=\"d86f8ad\" data-element_type=\"column\" data-e-type=\"column\">\n\t\t\t<div class=\"elementor-widget-wrap elementor-element-populated\">\n\t\t\t\t\t\t<div class=\"elementor-element elementor-element-418783e mb-0 elementor-widget elementor-widget-text-editor\" data-id=\"418783e\" data-element_type=\"widget\" data-e-type=\"widget\" data-widget_type=\"text-editor.default\">\n\t\t\t\t<div class=\"elementor-widget-container\">\n\t\t\t\t\t\t\t\t\t<div class=\"section-title mb-1-6 mb-sm-1-9\"><p>Services Pro<\/p><h2 class=\"mb-0\">Un coworking adapt\u00e9 \u00e0 votre croissance, alliant flexibilit\u00e9 et r\u00e9activit\u00e9 !<\/h2><\/div>\t\t\t\t\t\t\t\t<\/div>\n\t\t\t\t<\/div>\n\t\t\t\t<div class=\"elementor-element elementor-element-714bb84 mb-0 elementor-widget elementor-widget-text-editor\" data-id=\"714bb84\" data-element_type=\"widget\" data-e-type=\"widget\" data-widget_type=\"text-editor.default\">\n\t\t\t\t<div class=\"elementor-widget-container\">\n\t\t\t\t\t\t\t\t\t<p>Les entreprises d&#8217;aujourd&#8217;hui se doivent d&#8217;\u00eatre proactives. Les exigences auxquelles elles doivent faire face sont nombreuses et leur valeur ajout\u00e9e r\u00e9side souvent dans leur adaptabilit\u00e9, leur flexibilit\u00e9 ou leur rapidit\u00e9 d&#8217;ex\u00e9cution.<\/p>\t\t\t\t\t\t\t\t<\/div>\n\t\t\t\t<\/div>\n\t\t\t\t\t<\/div>\n\t\t<\/div>\n\t\t\t\t\t<\/div>\n\t\t<\/section>\n\t\t\t\t\t<\/div>\n\t\t<\/div>\n\t\t\t\t\t<\/div>\n\t\t<\/section>\n\t\t\t\t<section class=\"elementor-section elementor-top-section elementor-element elementor-element-a51cc73 elementor-section-stretched about-style02 elementor-section-boxed elementor-section-height-default elementor-section-height-default\" data-id=\"a51cc73\" data-element_type=\"section\" data-e-type=\"section\" data-settings=\"{&quot;stretch_section&quot;:&quot;section-stretched&quot;}\">\n\t\t\t\t\t\t<div class=\"elementor-container elementor-column-gap-no\">\n\t\t\t\t\t<div class=\"elementor-column elementor-col-100 elementor-top-column elementor-element elementor-element-a699a13\" data-id=\"a699a13\" data-element_type=\"column\" data-e-type=\"column\">\n\t\t\t<div class=\"elementor-widget-wrap elementor-element-populated\">\n\t\t\t\t\t\t<section class=\"elementor-section elementor-inner-section elementor-element elementor-element-4affad1 elementor-section-content-middle position-relative elementor-section-boxed elementor-section-height-default elementor-section-height-default\" data-id=\"4affad1\" data-element_type=\"section\" data-e-type=\"section\">\n\t\t\t\t\t\t<div class=\"elementor-container elementor-column-gap-extended\">\n\t\t\t\t\t<div class=\"elementor-column elementor-col-100 elementor-inner-column elementor-element elementor-element-93f8c53\" data-id=\"93f8c53\" data-element_type=\"column\" data-e-type=\"column\">\n\t\t\t<div class=\"elementor-widget-wrap elementor-element-populated\">\n\t\t\t\t\t\t<div class=\"elementor-element elementor-element-d596f3b mb-0 elementor-widget elementor-widget-text-editor\" data-id=\"d596f3b\" data-element_type=\"widget\" data-e-type=\"widget\" data-widget_type=\"text-editor.default\">\n\t\t\t\t<div class=\"elementor-widget-container\">\n\t\t\t\t\t\t\t\t\t<p><strong>Nous comprenons parfaitement ce que vous attendez de nous et nous y r\u00e9pondons :<\/strong><\/p>\n<ul>\n<li>Un service d&#8217;assistance t\u00e9l\u00e9phonique:\n<ul>\n<li>r\u00e9pondre au t\u00e9l\u00e9phone selon vos instructions ou possibilit\u00e9 de transfert.<br>.<\/li>\n<\/ul>\n<div> <\/div>\n<\/li>\n<li>Un service de secr\u00e9tariat sur mesure:\n<ul>\n<li>effectuer des t\u00e2ches : copies, envoi de courriers \u00e9lectroniques.<br><br><\/li>\n<\/ul>\n<div> <\/div>\n<\/li>\n<li class=\"lastItem\">Un service d&#8217;interpr\u00e9tation rapide et comp\u00e9titif:\n<ul>\n<li class=\"lastItem\">  Anglais<\/li>\n<li class=\"lastItem\">  Allemand<\/li>\n<li class=\"lastItem\">  Italien<br><\/li>\n<li class=\"lastItem\">Russe<\/li>\n<\/ul>\n<\/li>\n<\/ul>\n<div><br><\/div>\n<div><br><\/div>\n<ul>\n<\/ul>\n<div> <\/div>\n<div> <\/div>\n<div> <\/div>\n<ul>\n<li>Un service de traduction par page en 4 langues\n<ul>\n<li class=\"firstItem\">Anglais<\/li>\n<li>Allemand<\/li>\n<li>Italien<\/li>\n<li>Russe<\/li>\n<li class=\"lastItem\"><a href=\"https:\/\/hadesbusinesscenter.com\/en\/offers\/quotes\/translation.html\">Sur demande sp\u00e9ciale, d&#8217;autres langues sont disponibles <\/a>.<br><br><\/li>\n<\/ul>\n<div> <\/div>\n<\/li>\n<li class=\"lastItem\"><a href=\"https:\/\/hadesbusinesscenter.com\/en\/offers\/quotes\/meeting-room.html\">Une salle de r\u00e9union \u00e0 louer \u00e0 l&#8217;heure<\/a>, \u00e0 la demi-journ\u00e9e ou \u00e0 la journ\u00e9e.<br><\/li>\n<\/ul><div><br><\/div><div><br><\/div>\t\t\t\t\t\t\t\t<\/div>\n\t\t\t\t<\/div>\n\t\t\t\t\t<\/div>\n\t\t<\/div>\n\t\t\t\t\t<\/div>\n\t\t<\/section>\n\t\t\t\t\t<\/div>\n\t\t<\/div>\n\t\t\t\t\t<\/div>\n\t\t<\/section>\n\t\t\t\t<\/div>\n\t\t","protected":false},"excerpt":{"rendered":"<p>Services Pro Accueil A propos de nous Plus de 10 ans d&#8217;exp\u00e9rience Travailler \u00e0 Monaco, c&#8217;est allier prestige et qualit\u00e9 de vie, dans un environnement dynamique o\u00f9 chaque journ\u00e9e offre de nouvelles opportunit\u00e9s de r\u00e9ussite. &#8211; Yoep H. Services Pro Un coworking adapt\u00e9 \u00e0 votre croissance, alliant flexibilit\u00e9 et r\u00e9activit\u00e9 ! Les entreprises d&#8217;aujourd&#8217;hui se [&hellip;]<\/p>\n","protected":false},"author":1,"featured_media":0,"parent":0,"menu_order":0,"comment_status":"closed","ping_status":"closed","template":"page-templates\/home.php","meta":{"_seopress_robots_primary_cat":"","_seopress_titles_title":"","_seopress_titles_desc":"","_seopress_robots_index":"","footnotes":""},"class_list":["post-22042","page","type-page","status-publish","hentry"],"_links":{"self":[{"href":"https:\/\/www.hadesbusinesscenter.com\/fr\/wp-json\/wp\/v2\/pages\/22042","targetHints":{"allow":["GET"]}}],"collection":[{"href":"https:\/\/www.hadesbusinesscenter.com\/fr\/wp-json\/wp\/v2\/pages"}],"about":[{"href":"https:\/\/www.hadesbusinesscenter.com\/fr\/wp-json\/wp\/v2\/types\/page"}],"author":[{"embeddable":true,"href":"https:\/\/www.hadesbusinesscenter.com\/fr\/wp-json\/wp\/v2\/users\/1"}],"replies":[{"embeddable":true,"href":"https:\/\/www.hadesbusinesscenter.com\/fr\/wp-json\/wp\/v2\/comments?post=22042"}],"version-history":[{"count":29,"href":"https:\/\/www.hadesbusinesscenter.com\/fr\/wp-json\/wp\/v2\/pages\/22042\/revisions"}],"predecessor-version":[{"id":22652,"href":"https:\/\/www.hadesbusinesscenter.com\/fr\/wp-json\/wp\/v2\/pages\/22042\/revisions\/22652"}],"wp:attachment":[{"href":"https:\/\/www.hadesbusinesscenter.com\/fr\/wp-json\/wp\/v2\/media?parent=22042"}],"curies":[{"name":"wp","href":"https:\/\/api.w.org\/{rel}","templated":true}]}}