{"id":22051,"date":"2021-03-06T07:08:39","date_gmt":"2021-03-06T07:08:39","guid":{"rendered":"https:\/\/www.hadesbusinesscenter.com\/faq\/"},"modified":"2024-10-28T08:05:24","modified_gmt":"2024-10-28T08:05:24","slug":"faq","status":"publish","type":"page","link":"https:\/\/www.hadesbusinesscenter.com\/fr\/faq\/","title":{"rendered":"FAQ"},"content":{"rendered":"\t\t<div data-elementor-type=\"wp-page\" data-elementor-id=\"22051\" class=\"elementor elementor-22051 elementor-2800\" data-elementor-post-type=\"page\">\n\t\t\t\t\t\t<section class=\"elementor-section elementor-top-section elementor-element elementor-element-2023c9f elementor-section-stretched page-title-section elementor-section-full_width elementor-section-height-default elementor-section-height-default\" data-id=\"2023c9f\" data-element_type=\"section\" data-e-type=\"section\" data-settings=\"{&quot;stretch_section&quot;:&quot;section-stretched&quot;,&quot;background_background&quot;:&quot;classic&quot;}\">\n\t\t\t\t\t\t\t<div class=\"elementor-background-overlay\"><\/div>\n\t\t\t\t\t\t\t<div class=\"elementor-container elementor-column-gap-no\">\n\t\t\t\t\t<div class=\"elementor-column elementor-col-100 elementor-top-column elementor-element elementor-element-267c204\" data-id=\"267c204\" data-element_type=\"column\" data-e-type=\"column\">\n\t\t\t<div class=\"elementor-widget-wrap elementor-element-populated\">\n\t\t\t\t\t\t<section class=\"elementor-section elementor-inner-section elementor-element elementor-element-6f8e00d elementor-section-boxed elementor-section-height-default elementor-section-height-default\" data-id=\"6f8e00d\" data-element_type=\"section\" data-e-type=\"section\">\n\t\t\t\t\t\t<div class=\"elementor-container elementor-column-gap-extended\">\n\t\t\t\t\t<div class=\"elementor-column elementor-col-100 elementor-inner-column elementor-element elementor-element-be8ce7e\" data-id=\"be8ce7e\" data-element_type=\"column\" data-e-type=\"column\">\n\t\t\t<div class=\"elementor-widget-wrap elementor-element-populated\">\n\t\t\t\t\t\t<div class=\"elementor-element elementor-element-fdd9be5 mb-0 elementor-widget elementor-widget-text-editor\" data-id=\"fdd9be5\" data-element_type=\"widget\" data-e-type=\"widget\" data-widget_type=\"text-editor.default\">\n\t\t\t\t<div class=\"elementor-widget-container\">\n\t\t\t\t\t\t\t\t\t<h1>FAQ<\/h1>\n\t\t\t\t\t\t\t\t<\/div>\n\t\t\t\t<\/div>\n\t\t\t\t<div class=\"elementor-element elementor-element-cba3151 mb-0 elementor-widget elementor-widget-text-editor\" data-id=\"cba3151\" data-element_type=\"widget\" data-e-type=\"widget\" data-widget_type=\"text-editor.default\">\n\t\t\t\t<div class=\"elementor-widget-container\">\n\t\t\t\t\t\t\t\t\t<ul>\n<li><a href=\"https:\/\/www.hadesbusinesscenter.com\/fr\/\">Accueil<\/a><\/li>\n<li>FAQ<\/li>\n<\/ul>\n\t\t\t\t\t\t\t\t<\/div>\n\t\t\t\t<\/div>\n\t\t\t\t\t<\/div>\n\t\t<\/div>\n\t\t\t\t\t<\/div>\n\t\t<\/section>\n\t\t\t\t<div class=\"elementor-element elementor-element-c56a5fe mb-0 elementor-absolute elementor-widget elementor-widget-text-editor\" data-id=\"c56a5fe\" data-element_type=\"widget\" data-e-type=\"widget\" data-settings=\"{&quot;_position&quot;:&quot;absolute&quot;}\" data-widget_type=\"text-editor.default\">\n\t\t\t\t<div class=\"elementor-widget-container\">\n\t\t\t\t\t\t\t\t\t<div class=\"shape-1\"><\/div>\n\t\t\t\t\t\t\t\t<\/div>\n\t\t\t\t<\/div>\n\t\t\t\t<div class=\"elementor-element elementor-element-2ec8ec4 mb-0 elementor-absolute elementor-widget elementor-widget-text-editor\" data-id=\"2ec8ec4\" data-element_type=\"widget\" data-e-type=\"widget\" data-settings=\"{&quot;_position&quot;:&quot;absolute&quot;}\" data-widget_type=\"text-editor.default\">\n\t\t\t\t<div class=\"elementor-widget-container\">\n\t\t\t\t\t\t\t\t\t<div class=\"shape-2\"><\/div>\n\t\t\t\t\t\t\t\t<\/div>\n\t\t\t\t<\/div>\n\t\t\t\t\t<\/div>\n\t\t<\/div>\n\t\t\t\t\t<\/div>\n\t\t<\/section>\n\t\t\t\t<section class=\"elementor-section elementor-top-section elementor-element elementor-element-2545b64 elementor-section-stretched faq-accordion elementor-section-boxed elementor-section-height-default elementor-section-height-default\" data-id=\"2545b64\" data-element_type=\"section\" data-e-type=\"section\" data-settings=\"{&quot;stretch_section&quot;:&quot;section-stretched&quot;}\">\n\t\t\t\t\t\t<div class=\"elementor-container elementor-column-gap-extended\">\n\t\t\t\t\t<div class=\"elementor-column elementor-col-100 elementor-top-column elementor-element elementor-element-a96ec61\" data-id=\"a96ec61\" data-element_type=\"column\" data-e-type=\"column\">\n\t\t\t<div class=\"elementor-widget-wrap elementor-element-populated\">\n\t\t\t\t\t\t<section class=\"elementor-section elementor-inner-section elementor-element elementor-element-12697ee bg-light justify-content-center elementor-section-boxed elementor-section-height-default elementor-section-height-default\" data-id=\"12697ee\" data-element_type=\"section\" data-e-type=\"section\">\n\t\t\t\t\t\t<div class=\"elementor-container elementor-column-gap-no\">\n\t\t\t\t\t<div class=\"elementor-column elementor-col-33 elementor-inner-column elementor-element elementor-element-42a2a35 elementor-hidden-tablet elementor-hidden-mobile_extra elementor-hidden-mobile\" data-id=\"42a2a35\" data-element_type=\"column\" data-e-type=\"column\">\n\t\t\t<div class=\"elementor-widget-wrap\">\n\t\t\t\t\t\t\t<\/div>\n\t\t<\/div>\n\t\t\t\t<div class=\"elementor-column elementor-col-33 elementor-inner-column elementor-element elementor-element-9ac61f3\" data-id=\"9ac61f3\" data-element_type=\"column\" data-e-type=\"column\">\n\t\t\t<div class=\"elementor-widget-wrap elementor-element-populated\">\n\t\t\t\t\t\t<div class=\"elementor-element elementor-element-21e91cb mb-0 elementor-widget elementor-widget-text-editor\" data-id=\"21e91cb\" data-element_type=\"widget\" data-e-type=\"widget\" data-widget_type=\"text-editor.default\">\n\t\t\t\t<div class=\"elementor-widget-container\">\n\t\t\t\t\t\t\t\t\t<div class=\"section-title mb-1-9 mb-md-5 text-center\">\n                                <span>FAQ<\/span>\n                                <h2 class=\"mb-0\">Questions fr\u00e9quemment pos\u00e9es<\/h2>\n                            <\/div>\t\t\t\t\t\t\t\t<\/div>\n\t\t\t\t<\/div>\n\t\t\t\t<div class=\"elementor-element elementor-element-4e41ce5 elementor-align-left elementor-widget elementor-widget-wl-accordion\" data-id=\"4e41ce5\" data-element_type=\"widget\" data-e-type=\"widget\" data-widget_type=\"wl-accordion.default\">\n\t\t\t\t<div class=\"elementor-widget-container\">\n\t\t\t\t\t\r\n\t\t<!-- ACCORDION\r\n        ================================================== -->\r\n\t\t<div class=\"accordion style1\" id=\"accordion\">\r\n\r\n\t\t\t\r\n\t            <div class=\"card\">\r\n\t            \t\t\t                <h2 class=\"card-header\" id=\"headingOne\">\r\n\t\t                    <button class=\"accordion-button\" type=\"button\" data-bs-toggle=\"collapse\" data-bs-target=\"#collapseOne\" aria-expanded=\"true\" aria-controls=\"collapseOne\">1. Quels sont les horaires pour les locataires?<\/button>\r\n\t\t                <\/h2>\r\n\t                \r\n\t                \t\t                <div id=\"collapseOne\" class=\"accordion-collapse collapse show\" aria-labelledby=\"\"headingOne\" data-bs-parent=\"#accordion\">\r\n\t\t                    <div class=\"card-body\">\r\n\t\t                        ---Pour les bureaux \u00e0 usage exclusif H24 7j\/7.\n-- Pour les autres formules pendant les heures ouvrables sans interruption de 9h00 \u00e0 18h du lundi au vendredi, hors jours f\u00e9ri\u00e9s (acc\u00e8s avec le badge)\t\t                    <\/div>\r\n\t\t                <\/div>\r\n\t                \t            <\/div>\r\n\r\n            \r\n\t            <div class=\"card\">\r\n\t            \t\t\t                <h2 class=\"card-header\" id=\"headingTwo\">\r\n\t\t                    <button class=\"accordion-button collapsed\" type=\"button\" data-bs-toggle=\"collapse\" data-bs-target=\"#collapseTwo\" aria-expanded=\"true\" aria-controls=\"collapseTwo\">2. Que comprend le loyer ?<\/button>\r\n\t\t                <\/h2>\r\n\t                \r\n\t                \t\t                <div id=\"collapseTwo\" class=\"accordion-collapse collapse\" aria-labelledby=\"headingTwo\" data-bs-parent=\"#accordion\">\r\n\t\t                    <div class=\"card-body\">\r\n\t\t                        La location du bureau : surface + mobilier -- Les charges de copropri\u00e9t\u00e9 :\nLa consommation d\u2019eau et d\u2019\u00e9lectricit\u00e9 + t\u00e9l\u00e9phone fixe + la connexion Internet + L\u2019entretien et le nettoyage. La jouissance des parties communes + \nUn badge qui permet d\u2019acc\u00e9der aux divers espaces. -- \nDemeurent \u00e0 votre charge, les consommations t\u00e9l\u00e9phoniques et du multifonction (scan\/copies NB &amp; couleur) ainsi que les services annexes.\t\t                    <\/div>\r\n\t\t                <\/div>\r\n\t                \t            <\/div>\r\n\r\n            \r\n\t            <div class=\"card\">\r\n\t            \t\t\t                <h2 class=\"card-header\" id=\"headingThree\">\r\n\t\t                    <button class=\"accordion-button collapsed\" type=\"button\" data-bs-toggle=\"collapse\" data-bs-target=\"#collapseThree\" aria-expanded=\"true\" aria-controls=\"collapseThree\">3 .Faut-il d\u00e9poser une caution ?<\/button>\r\n\t\t                <\/h2>\r\n\t                \r\n\t                \t\t                <div id=\"collapseThree\" class=\"accordion-collapse collapse\" aria-labelledby=\"headingThree\" data-bs-parent=\"#accordion\">\r\n\t\t                    <div class=\"card-body\">\r\n\t\t                        Oui, elle est \u00e9quivalente \u00e0 trois mois du co\u00fbt ht de la formule choisie.\t\t                    <\/div>\r\n\t\t                <\/div>\r\n\t                \t            <\/div>\r\n\r\n            \r\n\t            <div class=\"card\">\r\n\t            \t\t\t                <h2 class=\"card-header\" id=\"headingFour\">\r\n\t\t                    <button class=\"accordion-button collapsed\" type=\"button\" data-bs-toggle=\"collapse\" data-bs-target=\"#collapseFour\" aria-expanded=\"true\" aria-controls=\"collapseFour\">4. Quelle est la dur\u00e9e du pr\u00e9avis si je veux r\u00e9silier ?<\/button>\r\n\t\t                <\/h2>\r\n\t                \r\n\t                \t\t                <div id=\"collapseFour\" class=\"accordion-collapse collapse\" aria-labelledby=\"headingFour\" data-bs-parent=\"#accordion\">\r\n\t\t                    <div class=\"card-body\">\r\n\t\t                        UN mois\t\t                    <\/div>\r\n\t\t                <\/div>\r\n\t                \t            <\/div>\r\n\r\n            \r\n\t            <div class=\"card\">\r\n\t            \t\t\t                <h2 class=\"card-header\" id=\"headingFour\">\r\n\t\t                    <button class=\"accordion-button collapsed\" type=\"button\" data-bs-toggle=\"collapse\" data-bs-target=\"#collapseFive\" aria-expanded=\"true\" aria-controls=\"collapseFour\">5. Puis-je recevoir mes clients ?<\/button>\r\n\t\t                <\/h2>\r\n\t                \r\n\t                \t\t                <div id=\"collapseFive\" class=\"accordion-collapse collapse\" aria-labelledby=\"headingFive\" data-bs-parent=\"#accordion\">\r\n\t\t                    <div class=\"card-body\">\r\n\t\t                        ---  Pour les bureaux \u00e0 usage exclusif : oui ---- Vous aurez aussi la possibilit\u00e9 d\u2019organiser des rendez-vous en louant la salle de r\u00e9union. Nous contacter pour conna\u00eetre la palette des services offerts. ---  Pour les autres formules :\nPossibilit\u00e9 de louer, selon les disponibilit\u00e9s horaires, la salle de r\u00e9union.\t\t                    <\/div>\r\n\t\t                <\/div>\r\n\t                \t            <\/div>\r\n\r\n            \r\n\t            <div class=\"card\">\r\n\t            \t\t\t                <h2 class=\"card-header\" id=\"headingFive\">\r\n\t\t                    <button class=\"accordion-button collapsed\" type=\"button\" data-bs-toggle=\"collapse\" data-bs-target=\"#collapseSix\" aria-expanded=\"true\" aria-controls=\"collapseFive\">6. Si je re\u00e7ois un colis, pouvez-vous le r\u00e9ceptionner et me pr\u00e9venir ?<\/button>\r\n\t\t                <\/h2>\r\n\t                \r\n\t                \t\t                <div id=\"collapseSix\" class=\"accordion-collapse collapse\" aria-labelledby=\"headingSix\" data-bs-parent=\"#accordion\">\r\n\t\t                    <div class=\"card-body\">\r\n\t\t                        Oui, dans la limite du raisonnable en terme de poids et de volume.\t\t                    <\/div>\r\n\t\t                <\/div>\r\n\t                \t            <\/div>\r\n\r\n            \r\n\t            <div class=\"card\">\r\n\t            \t\t\t                <h2 class=\"card-header\" id=\"headingSix\">\r\n\t\t                    <button class=\"accordion-button collapsed\" type=\"button\" data-bs-toggle=\"collapse\" data-bs-target=\"#collapseSeven\" aria-expanded=\"true\" aria-controls=\"collapseSix\">7. Si je prends la formule \u00ab Start-Up \u00bb puis-je tout de m\u00eame venir travailler tous les jours dans l\u2019Open Space ?<\/button>\r\n\t\t                <\/h2>\r\n\t                \r\n\t                \t\t                <div id=\"collapseSeven\" class=\"accordion-collapse collapse\" aria-labelledby=\"headingSeven\" data-bs-parent=\"#accordion\">\r\n\t\t                    <div class=\"card-body\">\r\n\t\t                        \n\nVotre poste de travail vous est r\u00e9serv\u00e9 pour une demi-journ\u00e9e d\u00e9finie lors de votre contrat, toutefois, sous r\u00e9serve de place disponible, nous vous accueillons volontiers sur d\u2019autres plages horaires ; merci de nous contacter.\n\t\t                    <\/div>\r\n\t\t                <\/div>\r\n\t                \t            <\/div>\r\n\r\n                        \r\n        <\/div>\r\n                            \r\n\t\t\t\t\t<\/div>\n\t\t\t\t<\/div>\n\t\t\t\t\t<\/div>\n\t\t<\/div>\n\t\t\t\t<div class=\"elementor-column elementor-col-33 elementor-inner-column elementor-element elementor-element-377e3df elementor-hidden-tablet elementor-hidden-mobile_extra elementor-hidden-mobile\" data-id=\"377e3df\" data-element_type=\"column\" data-e-type=\"column\">\n\t\t\t<div class=\"elementor-widget-wrap\">\n\t\t\t\t\t\t\t<\/div>\n\t\t<\/div>\n\t\t\t\t\t<\/div>\n\t\t<\/section>\n\t\t\t\t<div class=\"elementor-element elementor-element-3820caa mb-0 elementor-widget elementor-widget-text-editor\" data-id=\"3820caa\" data-element_type=\"widget\" data-e-type=\"widget\" data-widget_type=\"text-editor.default\">\n\t\t\t\t<div class=\"elementor-widget-container\">\n\t\t\t\t\t\t\t\t\t<div class=\"shape-1\"><\/div>\n\t\t\t\t\t\t\t\t<\/div>\n\t\t\t\t<\/div>\n\t\t\t\t<div class=\"elementor-element elementor-element-3585240 mb-0 elementor-widget elementor-widget-text-editor\" data-id=\"3585240\" data-element_type=\"widget\" data-e-type=\"widget\" data-widget_type=\"text-editor.default\">\n\t\t\t\t<div class=\"elementor-widget-container\">\n\t\t\t\t\t\t\t\t\t<div class=\"shape-2\"><\/div>\n\t\t\t\t\t\t\t\t<\/div>\n\t\t\t\t<\/div>\n\t\t\t\t\t<\/div>\n\t\t<\/div>\n\t\t\t\t\t<\/div>\n\t\t<\/section>\n\t\t\t\t<section class=\"elementor-section elementor-top-section elementor-element elementor-element-1625885 elementor-section-stretched faq-contact-info elementor-section-boxed elementor-section-height-default elementor-section-height-default\" data-id=\"1625885\" data-element_type=\"section\" data-e-type=\"section\" data-settings=\"{&quot;stretch_section&quot;:&quot;section-stretched&quot;}\">\n\t\t\t\t\t\t<div class=\"elementor-container elementor-column-gap-extended\">\n\t\t\t\t\t<div class=\"elementor-column elementor-col-100 elementor-top-column elementor-element elementor-element-f0101ea\" data-id=\"f0101ea\" data-element_type=\"column\" data-e-type=\"column\">\n\t\t\t<div class=\"elementor-widget-wrap elementor-element-populated\">\n\t\t\t\t\t\t<section class=\"elementor-section elementor-inner-section elementor-element elementor-element-3a3d0b4 elementor-section-content-middle elementor-section-boxed elementor-section-height-default elementor-section-height-default\" data-id=\"3a3d0b4\" data-element_type=\"section\" data-e-type=\"section\" data-settings=\"{&quot;background_background&quot;:&quot;classic&quot;}\">\n\t\t\t\t\t\t<div class=\"elementor-container elementor-column-gap-no\">\n\t\t\t\t\t<div class=\"elementor-column elementor-col-50 elementor-inner-column elementor-element elementor-element-fcb9dcf order-2 order-lg-1\" data-id=\"fcb9dcf\" data-element_type=\"column\" data-e-type=\"column\">\n\t\t\t<div class=\"elementor-widget-wrap elementor-element-populated\">\n\t\t\t\t\t\t<div class=\"elementor-element elementor-element-7aa03dd mb-0 elementor-widget elementor-widget-text-editor\" data-id=\"7aa03dd\" data-element_type=\"widget\" data-e-type=\"widget\" data-widget_type=\"text-editor.default\">\n\t\t\t\t<div class=\"elementor-widget-container\">\n\t\t\t\t\t\t\t\t\t<div class=\"section-title mb-1-6\">\n                                <h2 class=\"mb-0 text-primary\">Prenez contact<\/h2>\n                            <\/div>\t\t\t\t\t\t\t\t<\/div>\n\t\t\t\t<\/div>\n\t\t\t\t<div class=\"elementor-element elementor-element-e979b2a elementor-widget elementor-widget-shortcode\" data-id=\"e979b2a\" data-element_type=\"widget\" data-e-type=\"widget\" data-widget_type=\"shortcode.default\">\n\t\t\t\t<div class=\"elementor-widget-container\">\n\t\t\t\t\t\t\t<div class=\"elementor-shortcode\">\n<div class=\"wpcf7 no-js\" id=\"wpcf7-f22074-o1\" lang=\"fr-FR\" dir=\"ltr\" data-wpcf7-id=\"22074\">\n<div class=\"screen-reader-response\"><p role=\"status\" aria-live=\"polite\" aria-atomic=\"true\"><\/p> <ul><\/ul><\/div>\n<form action=\"\/fr\/wp-json\/wp\/v2\/pages\/22051#wpcf7-f22074-o1\" method=\"post\" class=\"wpcf7-form init\" aria-label=\"Formulaire de contact\" novalidate=\"novalidate\" data-status=\"init\">\n<fieldset class=\"hidden-fields-container\"><input type=\"hidden\" name=\"_wpcf7\" value=\"22074\" \/><input type=\"hidden\" name=\"_wpcf7_version\" value=\"6.1.5\" \/><input type=\"hidden\" name=\"_wpcf7_locale\" value=\"fr_FR\" \/><input type=\"hidden\" name=\"_wpcf7_unit_tag\" value=\"wpcf7-f22074-o1\" \/><input type=\"hidden\" name=\"_wpcf7_container_post\" value=\"0\" \/><input type=\"hidden\" name=\"_wpcf7_posted_data_hash\" value=\"\" \/>\n<\/fieldset>\n<div class=\"quform\">\n\t<div class=\"quform-elements\">\n\t\t<div class=\"row\">\n\t\t\t<div class=\"col-md-6\">\n\t\t\t\t<div class=\"quform-element form-group\">\n\t\t\t\t\t<div class=\"quform-input\">\n\t\t\t\t\t\t<p><span class=\"wpcf7-form-control-wrap\" data-name=\"your-name\"><input size=\"40\" maxlength=\"400\" class=\"wpcf7-form-control wpcf7-text wpcf7-validates-as-required form-control\" aria-required=\"true\" aria-invalid=\"false\" placeholder=\"Votre nom ici*\" value=\"\" type=\"text\" name=\"your-name\" \/><\/span>\n\t\t\t\t\t\t<\/p>\n\t\t\t\t\t<\/div>\n\t\t\t\t<\/div>\n\t\t\t<\/div>\n\t\t\t<div class=\"col-md-6\">\n\t\t\t\t<div class=\"quform-element form-group\">\n\t\t\t\t\t<div class=\"quform-input\">\n\t\t\t\t\t\t<p><span class=\"wpcf7-form-control-wrap\" data-name=\"your-email\"><input size=\"40\" maxlength=\"400\" class=\"wpcf7-form-control wpcf7-email wpcf7-validates-as-required wpcf7-text wpcf7-validates-as-email form-control\" aria-required=\"true\" aria-invalid=\"false\" placeholder=\"Votre email ici*\" value=\"\" type=\"email\" name=\"your-email\" \/><\/span>\n\t\t\t\t\t\t<\/p>\n\t\t\t\t\t<\/div>\n\t\t\t\t<\/div>\n\t\t\t<\/div>\n\t\t\t<div class=\"col-md-6\">\n\t\t\t\t<div class=\"quform-element form-group\">\n\t\t\t\t\t<div class=\"quform-input\">\n\t\t\t\t\t\t<p><span class=\"wpcf7-form-control-wrap\" data-name=\"your-subject\"><input size=\"40\" maxlength=\"400\" class=\"wpcf7-form-control wpcf7-text wpcf7-validates-as-required form-control\" aria-required=\"true\" aria-invalid=\"false\" placeholder=\"Votre sujet ici*\" value=\"\" type=\"text\" name=\"your-subject\" \/><\/span>\n\t\t\t\t\t\t<\/p>\n\t\t\t\t\t<\/div>\n\t\t\t\t<\/div>\n\t\t\t<\/div>\n\t\t\t<div class=\"col-md-6\">\n\t\t\t\t<div class=\"quform-element form-group\">\n\t\t\t\t\t<div class=\"quform-input\">\n\t\t\t\t\t\t<p><span class=\"wpcf7-form-control-wrap\" data-name=\"your-phone\"><input class=\"wpcf7-form-control wpcf7-number wpcf7-validates-as-number form-control\" aria-invalid=\"false\" placeholder=\"Votre num\u00e9ro de t\u00e9l\u00e9phone ici\" value=\"\" type=\"number\" name=\"your-phone\" \/><\/span>\n\t\t\t\t\t\t<\/p>\n\t\t\t\t\t<\/div>\n\t\t\t\t<\/div>\n\t\t\t<\/div>\n\t\t\t<div class=\"col-md-12\">\n\t\t\t\t<div class=\"quform-element form-group\">\n\t\t\t\t\t<div class=\"quform-input\">\n\t\t\t\t\t\t<p><span class=\"wpcf7-form-control-wrap\" data-name=\"your-message\"><textarea cols=\"40\" rows=\"5\" maxlength=\"2000\" class=\"wpcf7-form-control wpcf7-textarea wpcf7-validates-as-required form-control\" aria-required=\"true\" aria-invalid=\"false\" placeholder=\"Dites-nous quelques mots*\" name=\"your-message\"><\/textarea><\/span>\n\t\t\t\t\t\t<\/p>\n\t\t\t\t\t<\/div>\n\t\t\t\t<\/div>\n\t\t\t<\/div>\n\t\t\t<div class=\"col-md-12\">\n\t\t\t\t<div class=\"quform-submit-inner\">\n\t\t\t\t\t<p><input class=\"wpcf7-form-control wpcf7-submit has-spinner\" type=\"submit\" value=\"Envoyer un message\" \/>\n\t\t\t\t\t<\/p>\n\t\t\t\t<\/div>\n\t\t\t<\/div>\n\t\t<\/div>\n\t<\/div>\n<\/div><div class=\"wpcf7-response-output\" aria-hidden=\"true\"><\/div>\n<\/form>\n<\/div>\n<\/div>\n\t\t\t\t\t\t<\/div>\n\t\t\t\t<\/div>\n\t\t\t\t\t<\/div>\n\t\t<\/div>\n\t\t\t\t<div class=\"elementor-column elementor-col-50 elementor-inner-column elementor-element elementor-element-87ebbea order-1 order-lg-2 text-start text-lg-end\" data-id=\"87ebbea\" data-element_type=\"column\" data-e-type=\"column\">\n\t\t\t<div class=\"elementor-widget-wrap elementor-element-populated\">\n\t\t\t\t\t\t<div class=\"elementor-element elementor-element-751fd58 mb-0 elementor-widget elementor-widget-text-editor\" data-id=\"751fd58\" data-element_type=\"widget\" data-e-type=\"widget\" data-widget_type=\"text-editor.default\">\n\t\t\t\t<div class=\"elementor-widget-container\">\n\t\t\t\t\t\t\t\t\t<div class=\"shape-1\"><\/div>\n\t\t\t\t\t\t\t\t<\/div>\n\t\t\t\t<\/div>\n\t\t\t\t<div class=\"elementor-element elementor-element-2664b3b mb-0 elementor-widget elementor-widget-text-editor\" data-id=\"2664b3b\" data-element_type=\"widget\" data-e-type=\"widget\" data-widget_type=\"text-editor.default\">\n\t\t\t\t<div class=\"elementor-widget-container\">\n\t\t\t\t\t\t\t\t\t<div class=\"shape-2\"><\/div>\n\t\t\t\t\t\t\t\t<\/div>\n\t\t\t\t<\/div>\n\t\t\t\t<div class=\"elementor-element elementor-element-dbc0b72 elementor-widget elementor-widget-image\" data-id=\"dbc0b72\" data-element_type=\"widget\" data-e-type=\"widget\" data-widget_type=\"image.default\">\n\t\t\t\t<div class=\"elementor-widget-container\">\n\t\t\t\t\t\t\t\t\t\t\t\t\t\t\t<img decoding=\"async\" src=\"https:\/\/www.hadesbusinesscenter.com\/wp-content\/uploads\/2024\/10\/\u00a9newday-alain-4799-e1729529739496.jpg\" title=\"\u00a9newday-alain-4799\" alt=\"\u00a9newday-alain-4799\" loading=\"lazy\" \/>\t\t\t\t\t\t\t\t\t\t\t\t\t\t\t<\/div>\n\t\t\t\t<\/div>\n\t\t\t\t\t<\/div>\n\t\t<\/div>\n\t\t\t\t\t<\/div>\n\t\t<\/section>\n\t\t\t\t\t<\/div>\n\t\t<\/div>\n\t\t\t\t\t<\/div>\n\t\t<\/section>\n\t\t\t\t<\/div>\n\t\t","protected":false},"excerpt":{"rendered":"<p>FAQ Accueil FAQ FAQ Questions fr\u00e9quemment pos\u00e9es 1. Quels sont les horaires pour les locataires? &#8212;Pour les bureaux \u00e0 usage exclusif H24 7j\/7. &#8212; Pour les autres formules pendant les heures ouvrables sans interruption de 9h00 \u00e0 18h du lundi au vendredi, hors jours f\u00e9ri\u00e9s (acc\u00e8s avec le badge) 2. Que comprend le loyer ? [&hellip;]<\/p>\n","protected":false},"author":1,"featured_media":0,"parent":0,"menu_order":0,"comment_status":"closed","ping_status":"closed","template":"page-templates\/home.php","meta":{"_seopress_robots_primary_cat":"","_seopress_titles_title":"","_seopress_titles_desc":"","_seopress_robots_index":"","footnotes":""},"class_list":["post-22051","page","type-page","status-publish","hentry"],"_links":{"self":[{"href":"https:\/\/www.hadesbusinesscenter.com\/fr\/wp-json\/wp\/v2\/pages\/22051","targetHints":{"allow":["GET"]}}],"collection":[{"href":"https:\/\/www.hadesbusinesscenter.com\/fr\/wp-json\/wp\/v2\/pages"}],"about":[{"href":"https:\/\/www.hadesbusinesscenter.com\/fr\/wp-json\/wp\/v2\/types\/page"}],"author":[{"embeddable":true,"href":"https:\/\/www.hadesbusinesscenter.com\/fr\/wp-json\/wp\/v2\/users\/1"}],"replies":[{"embeddable":true,"href":"https:\/\/www.hadesbusinesscenter.com\/fr\/wp-json\/wp\/v2\/comments?post=22051"}],"version-history":[{"count":13,"href":"https:\/\/www.hadesbusinesscenter.com\/fr\/wp-json\/wp\/v2\/pages\/22051\/revisions"}],"predecessor-version":[{"id":22469,"href":"https:\/\/www.hadesbusinesscenter.com\/fr\/wp-json\/wp\/v2\/pages\/22051\/revisions\/22469"}],"wp:attachment":[{"href":"https:\/\/www.hadesbusinesscenter.com\/fr\/wp-json\/wp\/v2\/media?parent=22051"}],"curies":[{"name":"wp","href":"https:\/\/api.w.org\/{rel}","templated":true}]}}