{"id":22058,"date":"2021-10-20T05:42:45","date_gmt":"2021-10-20T05:42:45","guid":{"rendered":"https:\/\/www.hadesbusinesscenter.com\/equipe-01\/"},"modified":"2024-10-29T20:06:19","modified_gmt":"2024-10-29T20:06:19","slug":"notre-equipe","status":"publish","type":"page","link":"https:\/\/www.hadesbusinesscenter.com\/fr\/notre-equipe\/","title":{"rendered":"Notre \u00e9quipe"},"content":{"rendered":"\t\t<div data-elementor-type=\"wp-page\" data-elementor-id=\"22058\" class=\"elementor elementor-22058 elementor-5803\" data-elementor-post-type=\"page\">\n\t\t\t\t\t\t<section class=\"elementor-section elementor-top-section elementor-element elementor-element-46fdf86 elementor-section-stretched page-title-section elementor-section-full_width elementor-section-height-default elementor-section-height-default\" data-id=\"46fdf86\" data-element_type=\"section\" data-e-type=\"section\" data-settings=\"{&quot;stretch_section&quot;:&quot;section-stretched&quot;,&quot;background_background&quot;:&quot;classic&quot;}\">\n\t\t\t\t\t\t\t<div class=\"elementor-background-overlay\"><\/div>\n\t\t\t\t\t\t\t<div class=\"elementor-container elementor-column-gap-no\">\n\t\t\t\t\t<div class=\"elementor-column elementor-col-100 elementor-top-column elementor-element elementor-element-0c20043\" data-id=\"0c20043\" data-element_type=\"column\" data-e-type=\"column\">\n\t\t\t<div class=\"elementor-widget-wrap elementor-element-populated\">\n\t\t\t\t\t\t<section class=\"elementor-section elementor-inner-section elementor-element elementor-element-a891c9c elementor-section-boxed elementor-section-height-default elementor-section-height-default\" data-id=\"a891c9c\" data-element_type=\"section\" data-e-type=\"section\">\n\t\t\t\t\t\t<div class=\"elementor-container elementor-column-gap-extended\">\n\t\t\t\t\t<div class=\"elementor-column elementor-col-100 elementor-inner-column elementor-element elementor-element-1ef5937\" data-id=\"1ef5937\" data-element_type=\"column\" data-e-type=\"column\">\n\t\t\t<div class=\"elementor-widget-wrap elementor-element-populated\">\n\t\t\t\t\t\t<div class=\"elementor-element elementor-element-f1e3ce8 mb-0 elementor-widget elementor-widget-text-editor\" data-id=\"f1e3ce8\" data-element_type=\"widget\" data-e-type=\"widget\" data-widget_type=\"text-editor.default\">\n\t\t\t\t<div class=\"elementor-widget-container\">\n\t\t\t\t\t\t\t\t\t<h1 class=\"item_title\">Localisation<\/h1>\n\t\t\t\t\t\t\t\t<\/div>\n\t\t\t\t<\/div>\n\t\t\t\t<div class=\"elementor-element elementor-element-4537035 mb-0 elementor-widget elementor-widget-text-editor\" data-id=\"4537035\" data-element_type=\"widget\" data-e-type=\"widget\" data-widget_type=\"text-editor.default\">\n\t\t\t\t<div class=\"elementor-widget-container\">\n\t\t\t\t\t\t\t\t\t<ul>\n \t<li><a href=\"https:\/\/acoworkwp.websitelayout.net\/\">Accueil<\/a><\/li>\n \t<li>Notre \u00e9quipe<\/li>\n<\/ul>\t\t\t\t\t\t\t\t<\/div>\n\t\t\t\t<\/div>\n\t\t\t\t\t<\/div>\n\t\t<\/div>\n\t\t\t\t\t<\/div>\n\t\t<\/section>\n\t\t\t\t<div class=\"elementor-element elementor-element-51cbf9c mb-0 elementor-absolute elementor-widget elementor-widget-text-editor\" data-id=\"51cbf9c\" data-element_type=\"widget\" data-e-type=\"widget\" data-settings=\"{&quot;_position&quot;:&quot;absolute&quot;}\" data-widget_type=\"text-editor.default\">\n\t\t\t\t<div class=\"elementor-widget-container\">\n\t\t\t\t\t\t\t\t\t<div class=\"shape-1\"><\/div>\n\t\t\t\t\t\t\t\t<\/div>\n\t\t\t\t<\/div>\n\t\t\t\t<div class=\"elementor-element elementor-element-c5cbf5a mb-0 elementor-absolute elementor-widget elementor-widget-text-editor\" data-id=\"c5cbf5a\" data-element_type=\"widget\" data-e-type=\"widget\" data-settings=\"{&quot;_position&quot;:&quot;absolute&quot;}\" data-widget_type=\"text-editor.default\">\n\t\t\t\t<div class=\"elementor-widget-container\">\n\t\t\t\t\t\t\t\t\t<div class=\"shape-2\"><\/div>\n\t\t\t\t\t\t\t\t<\/div>\n\t\t\t\t<\/div>\n\t\t\t\t\t<\/div>\n\t\t<\/div>\n\t\t\t\t\t<\/div>\n\t\t<\/section>\n\t\t\t\t<section class=\"elementor-section elementor-top-section elementor-element elementor-element-49cd00b elementor-section-stretched elementor-section-boxed elementor-section-height-default elementor-section-height-default\" data-id=\"49cd00b\" data-element_type=\"section\" data-e-type=\"section\" data-settings=\"{&quot;stretch_section&quot;:&quot;section-stretched&quot;}\">\n\t\t\t\t\t\t<div class=\"elementor-container elementor-column-gap-extended\">\n\t\t\t\t\t<div class=\"elementor-column elementor-col-100 elementor-top-column elementor-element elementor-element-abdb9b3\" data-id=\"abdb9b3\" data-element_type=\"column\" data-e-type=\"column\">\n\t\t\t<div class=\"elementor-widget-wrap elementor-element-populated\">\n\t\t\t\t\t\t<div class=\"elementor-element elementor-element-b8882f4 mb-0 elementor-widget elementor-widget-text-editor\" data-id=\"b8882f4\" data-element_type=\"widget\" data-e-type=\"widget\" data-widget_type=\"text-editor.default\">\n\t\t\t\t<div class=\"elementor-widget-container\">\n\t\t\t\t\t\t\t\t\t<div class=\"section-title mb-1-9 mb-md-5 text-center\"><h2 class=\"mb-0\" style=\"text-align: center;\">Centre d&#8217;affaires Hades<\/h2><div style=\"text-align: left;\">\u00a0<\/div><div><p>Nos installations sont id\u00e9alement situ\u00e9es dans un quartier central, agr\u00e9able et commer\u00e7ant, \u00e0 1 minute \u00e0 pied du Port de Monaco (Port Hercule) et de tous les \u00e9v\u00e9nements de renomm\u00e9e internationale qui y sont accueillis tout au long de l\u2019ann\u00e9e : Monaco Yacht Show, Monaco Classic Week, Grand Prix de Formule 1, Jumping\u2026<\/p><p>La Gare ferroviaire se situe \u00e0 3 minutes \u00e0 pied, les bus urbains et interurbains (pour l\u2019A\u00e9roport International Nice Cote d\u2019Azur par exemple) passent devant notre Centre d\u2019Affaires et l\u2019arr\u00eat est situ\u00e9 \u00e0 quelques m\u00e8tres de notre entr\u00e9e.<\/p><p>Sans oublier l&#8217;h\u00e9liport, les navettes sauront vous y conduire en une poign\u00e9e de minutes.<\/p><p>Nos installations ont prioritairement \u00e9t\u00e9 con\u00e7ues pour que vous vous y sentiez bien et que votre travail soit optimis\u00e9 quotidiennement.<\/p><p>Le mobilier, la d\u00e9coration, l\u2019acoustique ou encore la lumi\u00e8re, tout a \u00e9t\u00e9 \u00e9tudi\u00e9 pour votre bien-\u00eatre et la confidentialit\u00e9.<\/p><p>Vous trouverez : Internet haut-d\u00e9bit (Fibre), r\u00e9seau privatif et administr\u00e9, badgeage des services \u00e0 consommation variable (impressions, photocopies), badgeage de l\u2019ouverture des portes (entr\u00e9e et bureaux )\u2026 Toutes ces technologies de pointe vous assurent rapidit\u00e9, confort et la s\u00e9curit\u00e9 dont toute entreprise a besoin.<\/p><p>Pour finir, 2 rares places de parking \u00e0 proximit\u00e9 de notre Centre d\u2019Affaires peuvent \u00eatre propos\u00e9es en location \u00e0 notre client\u00e8le.<\/p><\/div><\/div>\t\t\t\t\t\t\t\t<\/div>\n\t\t\t\t<\/div>\n\t\t\t\t\t<\/div>\n\t\t<\/div>\n\t\t\t\t\t<\/div>\n\t\t<\/section>\n\t\t\t\t<section class=\"elementor-section elementor-top-section elementor-element elementor-element-391e74d elementor-section-full_width elementor-section-stretched elementor-section-height-default elementor-section-height-default\" data-id=\"391e74d\" data-element_type=\"section\" data-e-type=\"section\" data-settings=\"{&quot;stretch_section&quot;:&quot;section-stretched&quot;,&quot;background_background&quot;:&quot;classic&quot;}\">\n\t\t\t\t\t\t<div class=\"elementor-container elementor-column-gap-extended\">\n\t\t\t\t\t<div class=\"elementor-column elementor-col-100 elementor-top-column elementor-element elementor-element-1824d8e\" data-id=\"1824d8e\" data-element_type=\"column\" data-e-type=\"column\">\n\t\t\t<div class=\"elementor-widget-wrap elementor-element-populated\">\n\t\t\t\t\t\t<div class=\"elementor-element elementor-element-33d666f mb-0 elementor-widget elementor-widget-text-editor\" data-id=\"33d666f\" data-element_type=\"widget\" data-e-type=\"widget\" data-widget_type=\"text-editor.default\">\n\t\t\t\t<div class=\"elementor-widget-container\">\n\t\t\t\t\t\t\t\t\t<div class=\"story-video\">\n                                <a class=\"video video_btn video-background\" href=\"https:\/\/www.youtube.com\/watch?v=pDWUf_g2zsc\">Play<\/a>\n                            <\/div>\t\t\t\t\t\t\t\t<\/div>\n\t\t\t\t<\/div>\n\t\t\t\t\t<\/div>\n\t\t<\/div>\n\t\t\t\t\t<\/div>\n\t\t<\/section>\n\t\t\t\t<\/div>\n\t\t","protected":false},"excerpt":{"rendered":"<p>Localisation Accueil Notre \u00e9quipe Centre d&#8217;affaires Hades \u00a0 Nos installations sont id\u00e9alement situ\u00e9es dans un quartier central, agr\u00e9able et commer\u00e7ant, \u00e0 1 minute \u00e0 pied du Port de Monaco (Port Hercule) et de tous les \u00e9v\u00e9nements de renomm\u00e9e internationale qui y sont accueillis tout au long de l\u2019ann\u00e9e : Monaco Yacht Show, Monaco Classic Week, [&hellip;]<\/p>\n","protected":false},"author":1,"featured_media":0,"parent":0,"menu_order":0,"comment_status":"closed","ping_status":"closed","template":"page-templates\/home.php","meta":{"_seopress_robots_primary_cat":"","_seopress_titles_title":"","_seopress_titles_desc":"","_seopress_robots_index":"","footnotes":""},"class_list":["post-22058","page","type-page","status-publish","hentry"],"_links":{"self":[{"href":"https:\/\/www.hadesbusinesscenter.com\/fr\/wp-json\/wp\/v2\/pages\/22058","targetHints":{"allow":["GET"]}}],"collection":[{"href":"https:\/\/www.hadesbusinesscenter.com\/fr\/wp-json\/wp\/v2\/pages"}],"about":[{"href":"https:\/\/www.hadesbusinesscenter.com\/fr\/wp-json\/wp\/v2\/types\/page"}],"author":[{"embeddable":true,"href":"https:\/\/www.hadesbusinesscenter.com\/fr\/wp-json\/wp\/v2\/users\/1"}],"replies":[{"embeddable":true,"href":"https:\/\/www.hadesbusinesscenter.com\/fr\/wp-json\/wp\/v2\/comments?post=22058"}],"version-history":[{"count":23,"href":"https:\/\/www.hadesbusinesscenter.com\/fr\/wp-json\/wp\/v2\/pages\/22058\/revisions"}],"predecessor-version":[{"id":22600,"href":"https:\/\/www.hadesbusinesscenter.com\/fr\/wp-json\/wp\/v2\/pages\/22058\/revisions\/22600"}],"wp:attachment":[{"href":"https:\/\/www.hadesbusinesscenter.com\/fr\/wp-json\/wp\/v2\/media?parent=22058"}],"curies":[{"name":"wp","href":"https:\/\/api.w.org\/{rel}","templated":true}]}}