{"id":22059,"date":"2023-07-26T06:21:58","date_gmt":"2023-07-26T06:21:58","guid":{"rendered":"https:\/\/www.hadesbusinesscenter.com\/espace-livres\/"},"modified":"2024-10-29T19:46:51","modified_gmt":"2024-10-29T19:46:51","slug":"reserver-une-place","status":"publish","type":"page","link":"https:\/\/www.hadesbusinesscenter.com\/fr\/reserver-une-place\/","title":{"rendered":"r\u00e9server une place"},"content":{"rendered":"\t\t<div data-elementor-type=\"wp-page\" data-elementor-id=\"22059\" class=\"elementor elementor-22059 elementor-17683\" data-elementor-post-type=\"page\">\n\t\t\t\t\t\t<section class=\"elementor-section elementor-top-section elementor-element elementor-element-5eba020 elementor-section-stretched page-title-section elementor-section-full_width elementor-section-height-default elementor-section-height-default\" data-id=\"5eba020\" data-element_type=\"section\" data-e-type=\"section\" data-settings=\"{&quot;stretch_section&quot;:&quot;section-stretched&quot;,&quot;background_background&quot;:&quot;classic&quot;}\">\n\t\t\t\t\t\t\t<div class=\"elementor-background-overlay\"><\/div>\n\t\t\t\t\t\t\t<div class=\"elementor-container elementor-column-gap-no\">\n\t\t\t\t\t<div class=\"elementor-column elementor-col-100 elementor-top-column elementor-element elementor-element-1e1a221\" data-id=\"1e1a221\" data-element_type=\"column\" data-e-type=\"column\">\n\t\t\t<div class=\"elementor-widget-wrap elementor-element-populated\">\n\t\t\t\t\t\t<section class=\"elementor-section elementor-inner-section elementor-element elementor-element-11d622a elementor-section-boxed elementor-section-height-default elementor-section-height-default\" data-id=\"11d622a\" data-element_type=\"section\" data-e-type=\"section\">\n\t\t\t\t\t\t<div class=\"elementor-container elementor-column-gap-extended\">\n\t\t\t\t\t<div class=\"elementor-column elementor-col-100 elementor-inner-column elementor-element elementor-element-3e6d266\" data-id=\"3e6d266\" data-element_type=\"column\" data-e-type=\"column\">\n\t\t\t<div class=\"elementor-widget-wrap elementor-element-populated\">\n\t\t\t\t\t\t<div class=\"elementor-element elementor-element-5822f0e mb-0 elementor-widget elementor-widget-text-editor\" data-id=\"5822f0e\" data-element_type=\"widget\" data-e-type=\"widget\" data-widget_type=\"text-editor.default\">\n\t\t\t\t<div class=\"elementor-widget-container\">\n\t\t\t\t\t\t\t\t\t<h1>R\u00e9server un bureau<\/h1>\t\t\t\t\t\t\t\t<\/div>\n\t\t\t\t<\/div>\n\t\t\t\t<div class=\"elementor-element elementor-element-6565960 mb-0 elementor-widget elementor-widget-text-editor\" data-id=\"6565960\" data-element_type=\"widget\" data-e-type=\"widget\" data-widget_type=\"text-editor.default\">\n\t\t\t\t<div class=\"elementor-widget-container\">\n\t\t\t\t\t\t\t\t\t<ul>\n<li><a href=\"https:\/\/acoworkwp.websitelayout.net\/\">Accueil<\/a><\/li>\n<li>R\u00e9server un espace<\/li>\n<\/ul>\n\t\t\t\t\t\t\t\t<\/div>\n\t\t\t\t<\/div>\n\t\t\t\t\t<\/div>\n\t\t<\/div>\n\t\t\t\t\t<\/div>\n\t\t<\/section>\n\t\t\t\t<div class=\"elementor-element elementor-element-27068e3 mb-0 elementor-absolute elementor-widget elementor-widget-text-editor\" data-id=\"27068e3\" data-element_type=\"widget\" data-e-type=\"widget\" data-settings=\"{&quot;_position&quot;:&quot;absolute&quot;}\" data-widget_type=\"text-editor.default\">\n\t\t\t\t<div class=\"elementor-widget-container\">\n\t\t\t\t\t\t\t\t\t<div class=\"shape-1\"><\/div>\n\t\t\t\t\t\t\t\t<\/div>\n\t\t\t\t<\/div>\n\t\t\t\t<div class=\"elementor-element elementor-element-9b44efb mb-0 elementor-absolute elementor-widget elementor-widget-text-editor\" data-id=\"9b44efb\" data-element_type=\"widget\" data-e-type=\"widget\" data-settings=\"{&quot;_position&quot;:&quot;absolute&quot;}\" data-widget_type=\"text-editor.default\">\n\t\t\t\t<div class=\"elementor-widget-container\">\n\t\t\t\t\t\t\t\t\t<div class=\"shape-2\"><\/div>\n\t\t\t\t\t\t\t\t<\/div>\n\t\t\t\t<\/div>\n\t\t\t\t\t<\/div>\n\t\t<\/div>\n\t\t\t\t\t<\/div>\n\t\t<\/section>\n\t\t\t\t<section class=\"elementor-section elementor-top-section elementor-element elementor-element-48e125d elementor-section-stretched elementor-section-full_width elementor-section-height-default elementor-section-height-default\" data-id=\"48e125d\" data-element_type=\"section\" data-e-type=\"section\" data-settings=\"{&quot;stretch_section&quot;:&quot;section-stretched&quot;}\">\n\t\t\t\t\t\t<div class=\"elementor-container elementor-column-gap-extended\">\n\t\t\t\t\t<div class=\"elementor-column elementor-col-100 elementor-top-column elementor-element elementor-element-a02b50d\" data-id=\"a02b50d\" data-element_type=\"column\" data-e-type=\"column\">\n\t\t\t<div class=\"elementor-widget-wrap elementor-element-populated\">\n\t\t\t\t\t\t<section class=\"elementor-section elementor-inner-section elementor-element elementor-element-c6317c1 elementor-section-content-middle elementor-section-boxed elementor-section-height-default elementor-section-height-default\" data-id=\"c6317c1\" data-element_type=\"section\" data-e-type=\"section\">\n\t\t\t\t\t\t<div class=\"elementor-container elementor-column-gap-extended\">\n\t\t\t\t\t<div class=\"elementor-column elementor-col-50 elementor-inner-column elementor-element elementor-element-c1c86d1 bg-light\" data-id=\"c1c86d1\" data-element_type=\"column\" data-e-type=\"column\">\n\t\t\t<div class=\"elementor-widget-wrap elementor-element-populated\">\n\t\t\t\t\t\t<div class=\"elementor-element elementor-element-9aeb169 mb-0 elementor-widget elementor-widget-text-editor\" data-id=\"9aeb169\" data-element_type=\"widget\" data-e-type=\"widget\" data-widget_type=\"text-editor.default\">\n\t\t\t\t<div class=\"elementor-widget-container\">\n\t\t\t\t\t\t\t\t\t<div class=\"section-title mb-1-6 mb-xl-1-9\">R\u00e9servez votre bureau<h2 class=\"mb-0\">Faire une r\u00e9servation<\/h2><\/div>\t\t\t\t\t\t\t\t<\/div>\n\t\t\t\t<\/div>\n\t\t\t\t<div class=\"elementor-element elementor-element-26b1e4a elementor-widget elementor-widget-shortcode\" data-id=\"26b1e4a\" data-element_type=\"widget\" data-e-type=\"widget\" data-widget_type=\"shortcode.default\">\n\t\t\t\t<div class=\"elementor-widget-container\">\n\t\t\t\t\t\t\t<div class=\"elementor-shortcode\">\n<div class=\"wpcf7 no-js\" id=\"wpcf7-f22074-o1\" lang=\"fr-FR\" dir=\"ltr\" data-wpcf7-id=\"22074\">\n<div class=\"screen-reader-response\"><p role=\"status\" aria-live=\"polite\" aria-atomic=\"true\"><\/p> <ul><\/ul><\/div>\n<form action=\"\/fr\/wp-json\/wp\/v2\/pages\/22059#wpcf7-f22074-o1\" method=\"post\" class=\"wpcf7-form init\" aria-label=\"Formulaire de contact\" novalidate=\"novalidate\" data-status=\"init\">\n<fieldset class=\"hidden-fields-container\"><input type=\"hidden\" name=\"_wpcf7\" value=\"22074\" \/><input type=\"hidden\" name=\"_wpcf7_version\" value=\"6.1.5\" \/><input type=\"hidden\" name=\"_wpcf7_locale\" value=\"fr_FR\" \/><input type=\"hidden\" name=\"_wpcf7_unit_tag\" value=\"wpcf7-f22074-o1\" \/><input type=\"hidden\" name=\"_wpcf7_container_post\" value=\"0\" \/><input type=\"hidden\" name=\"_wpcf7_posted_data_hash\" value=\"\" \/>\n<\/fieldset>\n<div class=\"quform\">\n\t<div class=\"quform-elements\">\n\t\t<div class=\"row\">\n\t\t\t<div class=\"col-md-6\">\n\t\t\t\t<div class=\"quform-element form-group\">\n\t\t\t\t\t<div class=\"quform-input\">\n\t\t\t\t\t\t<p><span class=\"wpcf7-form-control-wrap\" data-name=\"your-name\"><input size=\"40\" maxlength=\"400\" class=\"wpcf7-form-control wpcf7-text wpcf7-validates-as-required form-control\" aria-required=\"true\" aria-invalid=\"false\" placeholder=\"Votre nom ici*\" value=\"\" type=\"text\" name=\"your-name\" \/><\/span>\n\t\t\t\t\t\t<\/p>\n\t\t\t\t\t<\/div>\n\t\t\t\t<\/div>\n\t\t\t<\/div>\n\t\t\t<div class=\"col-md-6\">\n\t\t\t\t<div class=\"quform-element form-group\">\n\t\t\t\t\t<div class=\"quform-input\">\n\t\t\t\t\t\t<p><span class=\"wpcf7-form-control-wrap\" data-name=\"your-email\"><input size=\"40\" maxlength=\"400\" class=\"wpcf7-form-control wpcf7-email wpcf7-validates-as-required wpcf7-text wpcf7-validates-as-email form-control\" aria-required=\"true\" aria-invalid=\"false\" placeholder=\"Votre email ici*\" value=\"\" type=\"email\" name=\"your-email\" \/><\/span>\n\t\t\t\t\t\t<\/p>\n\t\t\t\t\t<\/div>\n\t\t\t\t<\/div>\n\t\t\t<\/div>\n\t\t\t<div class=\"col-md-6\">\n\t\t\t\t<div class=\"quform-element form-group\">\n\t\t\t\t\t<div class=\"quform-input\">\n\t\t\t\t\t\t<p><span class=\"wpcf7-form-control-wrap\" data-name=\"your-subject\"><input size=\"40\" maxlength=\"400\" class=\"wpcf7-form-control wpcf7-text wpcf7-validates-as-required form-control\" aria-required=\"true\" aria-invalid=\"false\" placeholder=\"Votre sujet ici*\" value=\"\" type=\"text\" name=\"your-subject\" \/><\/span>\n\t\t\t\t\t\t<\/p>\n\t\t\t\t\t<\/div>\n\t\t\t\t<\/div>\n\t\t\t<\/div>\n\t\t\t<div class=\"col-md-6\">\n\t\t\t\t<div class=\"quform-element form-group\">\n\t\t\t\t\t<div class=\"quform-input\">\n\t\t\t\t\t\t<p><span class=\"wpcf7-form-control-wrap\" data-name=\"your-phone\"><input class=\"wpcf7-form-control wpcf7-number wpcf7-validates-as-number form-control\" aria-invalid=\"false\" placeholder=\"Votre num\u00e9ro de t\u00e9l\u00e9phone ici\" value=\"\" type=\"number\" name=\"your-phone\" \/><\/span>\n\t\t\t\t\t\t<\/p>\n\t\t\t\t\t<\/div>\n\t\t\t\t<\/div>\n\t\t\t<\/div>\n\t\t\t<div class=\"col-md-12\">\n\t\t\t\t<div class=\"quform-element form-group\">\n\t\t\t\t\t<div class=\"quform-input\">\n\t\t\t\t\t\t<p><span class=\"wpcf7-form-control-wrap\" data-name=\"your-message\"><textarea cols=\"40\" rows=\"5\" maxlength=\"2000\" class=\"wpcf7-form-control wpcf7-textarea wpcf7-validates-as-required form-control\" aria-required=\"true\" aria-invalid=\"false\" placeholder=\"Dites-nous quelques mots*\" name=\"your-message\"><\/textarea><\/span>\n\t\t\t\t\t\t<\/p>\n\t\t\t\t\t<\/div>\n\t\t\t\t<\/div>\n\t\t\t<\/div>\n\t\t\t<div class=\"col-md-12\">\n\t\t\t\t<div class=\"quform-submit-inner\">\n\t\t\t\t\t<p><input class=\"wpcf7-form-control wpcf7-submit has-spinner\" type=\"submit\" value=\"Envoyer un message\" \/>\n\t\t\t\t\t<\/p>\n\t\t\t\t<\/div>\n\t\t\t<\/div>\n\t\t<\/div>\n\t<\/div>\n<\/div><div class=\"wpcf7-response-output\" aria-hidden=\"true\"><\/div>\n<\/form>\n<\/div>\n<\/div>\n\t\t\t\t\t\t<\/div>\n\t\t\t\t<\/div>\n\t\t\t\t\t<\/div>\n\t\t<\/div>\n\t\t\t\t<div class=\"elementor-column elementor-col-50 elementor-inner-column elementor-element elementor-element-6fa2abd\" data-id=\"6fa2abd\" data-element_type=\"column\" data-e-type=\"column\">\n\t\t\t<div class=\"elementor-widget-wrap elementor-element-populated\">\n\t\t\t\t\t\t<div class=\"elementor-element elementor-element-93ce179 mb-0 elementor-widget elementor-widget-text-editor\" data-id=\"93ce179\" data-element_type=\"widget\" data-e-type=\"widget\" data-widget_type=\"text-editor.default\">\n\t\t\t\t<div class=\"elementor-widget-container\">\n\t\t\t\t\t\t\t\t\t<div class=\"mb-3\">\n                                <h2 class=\"mb-0 text-primary h4\">Ce que nous offrons<\/h2>\n                            <\/div>\t\t\t\t\t\t\t\t<\/div>\n\t\t\t\t<\/div>\n\t\t\t\t<div class=\"elementor-element elementor-element-b16a761 mb-0 elementor-widget elementor-widget-text-editor\" data-id=\"b16a761\" data-element_type=\"widget\" data-e-type=\"widget\" data-widget_type=\"text-editor.default\">\n\t\t\t\t<div class=\"elementor-widget-container\">\n\t\t\t\t\t\t\t\t\t<p class=\"w-xxl-95\">Hades Business Center propose des bureaux priv\u00e9s et des espaces de coworking flexibles avec des services haut de gamme au c\u0153ur de Monaco.<\/p>\t\t\t\t\t\t\t\t<\/div>\n\t\t\t\t<\/div>\n\t\t\t\t<div class=\"elementor-element elementor-element-4461229 mb-0 elementor-widget elementor-widget-text-editor\" data-id=\"4461229\" data-element_type=\"widget\" data-e-type=\"widget\" data-widget_type=\"text-editor.default\">\n\t\t\t\t<div class=\"elementor-widget-container\">\n\t\t\t\t\t\t\t\t\t<ul class=\"list-style2 mb-0\"><li>Emplacement prestigieux en plein centre de Monaco.<\/li><li>Espaces de travail modernes et enti\u00e8rement \u00e9quip\u00e9s.<\/li><li>Acc\u00e8s \u00e0 des services professionnels incluant secr\u00e9tariat et support administratif.<\/li><li>Flexibilit\u00e9 d&#8217;engagement avec des contrats adapt\u00e9s aux besoins des entreprises.<\/li><\/ul>\t\t\t\t\t\t\t\t<\/div>\n\t\t\t\t<\/div>\n\t\t\t\t\t<\/div>\n\t\t<\/div>\n\t\t\t\t\t<\/div>\n\t\t<\/section>\n\t\t\t\t\t<\/div>\n\t\t<\/div>\n\t\t\t\t\t<\/div>\n\t\t<\/section>\n\t\t\t\t<section class=\"elementor-section elementor-top-section elementor-element elementor-element-7526f39 elementor-section-stretched elementor-section-boxed elementor-section-height-default elementor-section-height-default\" data-id=\"7526f39\" data-element_type=\"section\" data-e-type=\"section\" data-settings=\"{&quot;stretch_section&quot;:&quot;section-stretched&quot;}\">\n\t\t\t\t\t\t<div class=\"elementor-container elementor-column-gap-no\">\n\t\t\t\t\t<div class=\"elementor-column elementor-col-100 elementor-top-column elementor-element elementor-element-2f77997\" data-id=\"2f77997\" data-element_type=\"column\" data-e-type=\"column\">\n\t\t\t<div class=\"elementor-widget-wrap elementor-element-populated\">\n\t\t\t\t\t\t<div class=\"elementor-element elementor-element-6e66ba6 mb-0 elementor-widget elementor-widget-text-editor\" data-id=\"6e66ba6\" data-element_type=\"widget\" data-e-type=\"widget\" data-widget_type=\"text-editor.default\">\n\t\t\t\t<div class=\"elementor-widget-container\">\n\t\t\t\t\t\t\t\t\t<div class=\"section-title mb-1-9 mb-md-5 text-center\">\n                    <span>Faq&#8217;s<\/span>\n                    <h2 class=\"mb-0\">Questions fr\u00e9quemment pos\u00e9es<\/h2>\n                <\/div>\t\t\t\t\t\t\t\t<\/div>\n\t\t\t\t<\/div>\n\t\t\t\t<section class=\"elementor-section elementor-inner-section elementor-element elementor-element-e562954 elementor-section-content-middle elementor-section-boxed elementor-section-height-default elementor-section-height-default\" data-id=\"e562954\" data-element_type=\"section\" data-e-type=\"section\">\n\t\t\t\t\t\t<div class=\"elementor-container elementor-column-gap-extended\">\n\t\t\t\t\t<div class=\"elementor-column elementor-col-50 elementor-inner-column elementor-element elementor-element-5f98b5a\" data-id=\"5f98b5a\" data-element_type=\"column\" data-e-type=\"column\">\n\t\t\t<div class=\"elementor-widget-wrap elementor-element-populated\">\n\t\t\t\t\t\t<div class=\"elementor-element elementor-element-be64400 elementor-widget elementor-widget-image\" data-id=\"be64400\" data-element_type=\"widget\" data-e-type=\"widget\" data-widget_type=\"image.default\">\n\t\t\t\t<div class=\"elementor-widget-container\">\n\t\t\t\t\t\t\t\t\t\t\t\t\t\t\t<img decoding=\"async\" src=\"https:\/\/www.hadesbusinesscenter.com\/wp-content\/uploads\/2024\/10\/\u00a9newday-alain-4726-e1729530706140.jpg\" title=\"\u00a9newday-alain-4726\" alt=\"\u00a9newday-alain-4726\" loading=\"lazy\" \/>\t\t\t\t\t\t\t\t\t\t\t\t\t\t\t<\/div>\n\t\t\t\t<\/div>\n\t\t\t\t\t<\/div>\n\t\t<\/div>\n\t\t\t\t<div class=\"elementor-column elementor-col-50 elementor-inner-column elementor-element elementor-element-3a3eb3b\" data-id=\"3a3eb3b\" data-element_type=\"column\" data-e-type=\"column\">\n\t\t\t<div class=\"elementor-widget-wrap elementor-element-populated\">\n\t\t\t\t\t\t<div class=\"elementor-element elementor-element-7e4bcbf elementor-align-left elementor-widget elementor-widget-wl-accordion\" data-id=\"7e4bcbf\" data-element_type=\"widget\" data-e-type=\"widget\" data-widget_type=\"wl-accordion.default\">\n\t\t\t\t<div class=\"elementor-widget-container\">\n\t\t\t\t\t\r\n\t\t<!-- ACCORDION\r\n        ================================================== -->\r\n\t\t<div class=\"accordion style1\" id=\"accordion\">\r\n\r\n\t\t\t\r\n\t            <div class=\"card\">\r\n\t            \t\t\t                <h2 class=\"card-header\" id=\"headingOne\">\r\n\t\t                    <button class=\"accordion-button\" type=\"button\" data-bs-toggle=\"collapse\" data-bs-target=\"#collapseOne\" aria-expanded=\"true\" aria-controls=\"collapseOne\">1. Quels sont les horaires pour les locataires?<\/button>\r\n\t\t                <\/h2>\r\n\t                \r\n\t                \t\t                <div id=\"collapseOne\" class=\"accordion-collapse collapse show\" aria-labelledby=\"headingOne\" data-bs-parent=\"#accordion\">\r\n\t\t                    <div class=\"card-body\">\r\n\t\t                        Pour les bureaux \u00e0 usage exclusif H24 7j\/7\nPour les autres formules pendant les heures ouvrables sans interruption de 9h00 \u00e0 18h du lundi au vendredi, hors jours f\u00e9ri\u00e9s (acces avec le badge)\t\t                    <\/div>\r\n\t\t                <\/div>\r\n\t                \t            <\/div>\r\n\r\n            \r\n\t            <div class=\"card\">\r\n\t            \t\t\t                <h2 class=\"card-header\" id=\"headingTwo\">\r\n\t\t                    <button class=\"accordion-button collapsed\" type=\"button\" data-bs-toggle=\"collapse\" data-bs-target=\"#collapseTwo\" aria-expanded=\"true\" aria-controls=\"collapseTwo\">2. Que comprend le loyer ?<\/button>\r\n\t\t                <\/h2>\r\n\t                \r\n\t                \t\t                <div id=\"collapseTwo\" class=\"accordion-collapse collapse\" aria-labelledby=\"headingTwo\" data-bs-parent=\"#accordion\">\r\n\t\t                    <div class=\"card-body\">\r\n\t\t                        La location du bureau : surface + mobilier.\nLes charges de copropri\u00e9t\u00e9 + \nLa consommation d\u2019eau et d\u2019\u00e9lectricit\u00e9.\nLes abonnements Internet et t\u00e9l\u00e9phone fixe .\nL\u2019entretien et le nettoyage.\nLa jouissance des parties communes.\nUn badge qui permet d\u2019acc\u00e9der aux divers espaces.\nDemeurent \u00e0 votre charge, les consommations t\u00e9l\u00e9phoniques et du multifonction (scan\/copies NB &amp; couleur) ainsi que les services annexes.\t\t                    <\/div>\r\n\t\t                <\/div>\r\n\t                \t            <\/div>\r\n\r\n            \r\n\t            <div class=\"card\">\r\n\t            \t\t\t                <h2 class=\"card-header\" id=\"headingThree\">\r\n\t\t                    <button class=\"accordion-button collapsed\" type=\"button\" data-bs-toggle=\"collapse\" data-bs-target=\"#collapseThree\" aria-expanded=\"true\" aria-controls=\"collapseThree\">3. Faut-il d\u00e9poser une caution ?<\/button>\r\n\t\t                <\/h2>\r\n\t                \r\n\t                \t\t                <div id=\"collapseThree\" class=\"accordion-collapse collapse\" aria-labelledby=\"headingThree\" data-bs-parent=\"#accordion\">\r\n\t\t                    <div class=\"card-body\">\r\n\t\t                        Oui, elle est \u00e9quivalente \u00e0 trois mois du co\u00fbt ht de la formule choisie.\t\t                    <\/div>\r\n\t\t                <\/div>\r\n\t                \t            <\/div>\r\n\r\n                        \r\n        <\/div>\r\n                            \r\n\t\t\t\t\t<\/div>\n\t\t\t\t<\/div>\n\t\t\t\t\t<\/div>\n\t\t<\/div>\n\t\t\t\t\t<\/div>\n\t\t<\/section>\n\t\t\t\t\t<\/div>\n\t\t<\/div>\n\t\t\t\t\t<\/div>\n\t\t<\/section>\n\t\t\t\t<\/div>\n\t\t","protected":false},"excerpt":{"rendered":"<p>R\u00e9server un bureau Accueil R\u00e9server un espace R\u00e9servez votre bureau Faire une r\u00e9servation Ce que nous offrons Hades Business Center propose des bureaux priv\u00e9s et des espaces de coworking flexibles avec des services haut de gamme au c\u0153ur de Monaco. Emplacement prestigieux en plein centre de Monaco. Espaces de travail modernes et enti\u00e8rement \u00e9quip\u00e9s. Acc\u00e8s [&hellip;]<\/p>\n","protected":false},"author":1,"featured_media":0,"parent":0,"menu_order":0,"comment_status":"closed","ping_status":"closed","template":"page-templates\/home.php","meta":{"_seopress_robots_primary_cat":"","_seopress_titles_title":"","_seopress_titles_desc":"","_seopress_robots_index":"","footnotes":""},"class_list":["post-22059","page","type-page","status-publish","hentry"],"_links":{"self":[{"href":"https:\/\/www.hadesbusinesscenter.com\/fr\/wp-json\/wp\/v2\/pages\/22059","targetHints":{"allow":["GET"]}}],"collection":[{"href":"https:\/\/www.hadesbusinesscenter.com\/fr\/wp-json\/wp\/v2\/pages"}],"about":[{"href":"https:\/\/www.hadesbusinesscenter.com\/fr\/wp-json\/wp\/v2\/types\/page"}],"author":[{"embeddable":true,"href":"https:\/\/www.hadesbusinesscenter.com\/fr\/wp-json\/wp\/v2\/users\/1"}],"replies":[{"embeddable":true,"href":"https:\/\/www.hadesbusinesscenter.com\/fr\/wp-json\/wp\/v2\/comments?post=22059"}],"version-history":[{"count":26,"href":"https:\/\/www.hadesbusinesscenter.com\/fr\/wp-json\/wp\/v2\/pages\/22059\/revisions"}],"predecessor-version":[{"id":22568,"href":"https:\/\/www.hadesbusinesscenter.com\/fr\/wp-json\/wp\/v2\/pages\/22059\/revisions\/22568"}],"wp:attachment":[{"href":"https:\/\/www.hadesbusinesscenter.com\/fr\/wp-json\/wp\/v2\/media?parent=22059"}],"curies":[{"name":"wp","href":"https:\/\/api.w.org\/{rel}","templated":true}]}}