{"id":22064,"date":"2021-10-11T10:44:22","date_gmt":"2021-10-11T10:44:22","guid":{"rendered":"https:\/\/www.hadesbusinesscenter.com\/a-propos-de-nous\/"},"modified":"2024-10-29T19:54:32","modified_gmt":"2024-10-29T19:54:32","slug":"a-propos-de-nous","status":"publish","type":"page","link":"https:\/\/www.hadesbusinesscenter.com\/fr\/a-propos-de-nous\/","title":{"rendered":"A propos de nous"},"content":{"rendered":"\t\t<div data-elementor-type=\"wp-page\" data-elementor-id=\"22064\" class=\"elementor elementor-22064 elementor-4899\" data-elementor-post-type=\"page\">\n\t\t\t\t\t\t<section class=\"elementor-section elementor-top-section elementor-element elementor-element-6e17fad elementor-section-stretched page-title-section elementor-section-full_width elementor-section-height-default elementor-section-height-default\" data-id=\"6e17fad\" data-element_type=\"section\" data-e-type=\"section\" data-settings=\"{&quot;stretch_section&quot;:&quot;section-stretched&quot;,&quot;background_background&quot;:&quot;classic&quot;}\">\n\t\t\t\t\t\t\t<div class=\"elementor-background-overlay\"><\/div>\n\t\t\t\t\t\t\t<div class=\"elementor-container elementor-column-gap-no\">\n\t\t\t\t\t<div class=\"elementor-column elementor-col-100 elementor-top-column elementor-element elementor-element-eea287d\" data-id=\"eea287d\" data-element_type=\"column\" data-e-type=\"column\">\n\t\t\t<div class=\"elementor-widget-wrap elementor-element-populated\">\n\t\t\t\t\t\t<section class=\"elementor-section elementor-inner-section elementor-element elementor-element-15848f6 elementor-section-boxed elementor-section-height-default elementor-section-height-default\" data-id=\"15848f6\" data-element_type=\"section\" data-e-type=\"section\">\n\t\t\t\t\t\t<div class=\"elementor-container elementor-column-gap-extended\">\n\t\t\t\t\t<div class=\"elementor-column elementor-col-100 elementor-inner-column elementor-element elementor-element-bfa8ca8\" data-id=\"bfa8ca8\" data-element_type=\"column\" data-e-type=\"column\">\n\t\t\t<div class=\"elementor-widget-wrap elementor-element-populated\">\n\t\t\t\t\t\t<div class=\"elementor-element elementor-element-631ac06 mb-0 elementor-widget elementor-widget-text-editor\" data-id=\"631ac06\" data-element_type=\"widget\" data-e-type=\"widget\" data-widget_type=\"text-editor.default\">\n\t\t\t\t<div class=\"elementor-widget-container\">\n\t\t\t\t\t\t\t\t\t<h1>A propos de nous<\/h1>\n\t\t\t\t\t\t\t\t<\/div>\n\t\t\t\t<\/div>\n\t\t\t\t<div class=\"elementor-element elementor-element-9d5fc2a mb-0 elementor-widget elementor-widget-text-editor\" data-id=\"9d5fc2a\" data-element_type=\"widget\" data-e-type=\"widget\" data-widget_type=\"text-editor.default\">\n\t\t\t\t<div class=\"elementor-widget-container\">\n\t\t\t\t\t\t\t\t\t<ul>\n \t<li><a href=\"https:\/\/acoworkwp.websitelayout.net\/\">Accueil<\/a><\/li>\n \t<li>A propos de nous<\/li>\n<\/ul>\t\t\t\t\t\t\t\t<\/div>\n\t\t\t\t<\/div>\n\t\t\t\t\t<\/div>\n\t\t<\/div>\n\t\t\t\t\t<\/div>\n\t\t<\/section>\n\t\t\t\t<div class=\"elementor-element elementor-element-4463d1d mb-0 elementor-absolute elementor-widget elementor-widget-text-editor\" data-id=\"4463d1d\" data-element_type=\"widget\" data-e-type=\"widget\" data-settings=\"{&quot;_position&quot;:&quot;absolute&quot;}\" data-widget_type=\"text-editor.default\">\n\t\t\t\t<div class=\"elementor-widget-container\">\n\t\t\t\t\t\t\t\t\t<div class=\"shape-1\"><\/div>\n\t\t\t\t\t\t\t\t<\/div>\n\t\t\t\t<\/div>\n\t\t\t\t<div class=\"elementor-element elementor-element-be52322 mb-0 elementor-absolute elementor-widget elementor-widget-text-editor\" data-id=\"be52322\" data-element_type=\"widget\" data-e-type=\"widget\" data-settings=\"{&quot;_position&quot;:&quot;absolute&quot;}\" data-widget_type=\"text-editor.default\">\n\t\t\t\t<div class=\"elementor-widget-container\">\n\t\t\t\t\t\t\t\t\t<div class=\"shape-2\"><\/div>\n\t\t\t\t\t\t\t\t<\/div>\n\t\t\t\t<\/div>\n\t\t\t\t\t<\/div>\n\t\t<\/div>\n\t\t\t\t\t<\/div>\n\t\t<\/section>\n\t\t\t\t<section class=\"elementor-section elementor-top-section elementor-element elementor-element-86262d6 elementor-section-stretched about-style02 elementor-section-boxed elementor-section-height-default elementor-section-height-default\" data-id=\"86262d6\" data-element_type=\"section\" data-e-type=\"section\" data-settings=\"{&quot;stretch_section&quot;:&quot;section-stretched&quot;}\">\n\t\t\t\t\t\t<div class=\"elementor-container elementor-column-gap-no\">\n\t\t\t\t\t<div class=\"elementor-column elementor-col-100 elementor-top-column elementor-element elementor-element-2292b51\" data-id=\"2292b51\" data-element_type=\"column\" data-e-type=\"column\">\n\t\t\t<div class=\"elementor-widget-wrap elementor-element-populated\">\n\t\t\t\t\t\t<section class=\"elementor-section elementor-inner-section elementor-element elementor-element-528bf6a elementor-section-content-middle position-relative elementor-section-boxed elementor-section-height-default elementor-section-height-default\" data-id=\"528bf6a\" data-element_type=\"section\" data-e-type=\"section\">\n\t\t\t\t\t\t<div class=\"elementor-container elementor-column-gap-extended\">\n\t\t\t\t\t<div class=\"elementor-column elementor-col-50 elementor-inner-column elementor-element elementor-element-3b3459b\" data-id=\"3b3459b\" data-element_type=\"column\" data-e-type=\"column\">\n\t\t\t<div class=\"elementor-widget-wrap elementor-element-populated\">\n\t\t\t\t\t\t<div class=\"elementor-element elementor-element-7723e88 mb-0 elementor-widget elementor-widget-text-editor\" data-id=\"7723e88\" data-element_type=\"widget\" data-e-type=\"widget\" data-widget_type=\"text-editor.default\">\n\t\t\t\t<div class=\"elementor-widget-container\">\n\t\t\t\t\t\t\t\t\t<p><span class=\"exp-box d-none d-sm-block\">Plus de 10 ans d&#8217;exp\u00e9rience<\/span><\/p>\t\t\t\t\t\t\t\t<\/div>\n\t\t\t\t<\/div>\n\t\t\t\t<div class=\"elementor-element elementor-element-12beac6 mb-0 e-transform elementor-widget elementor-widget-image\" data-id=\"12beac6\" data-element_type=\"widget\" data-e-type=\"widget\" data-settings=\"{&quot;_transform_translateY_effect&quot;:{&quot;unit&quot;:&quot;px&quot;,&quot;size&quot;:-135,&quot;sizes&quot;:[]},&quot;_transform_translateX_effect&quot;:{&quot;unit&quot;:&quot;px&quot;,&quot;size&quot;:&quot;&quot;,&quot;sizes&quot;:[]},&quot;_transform_translateX_effect_widescreen&quot;:{&quot;unit&quot;:&quot;px&quot;,&quot;size&quot;:&quot;&quot;,&quot;sizes&quot;:[]},&quot;_transform_translateX_effect_laptop&quot;:{&quot;unit&quot;:&quot;px&quot;,&quot;size&quot;:&quot;&quot;,&quot;sizes&quot;:[]},&quot;_transform_translateX_effect_tablet_extra&quot;:{&quot;unit&quot;:&quot;px&quot;,&quot;size&quot;:&quot;&quot;,&quot;sizes&quot;:[]},&quot;_transform_translateX_effect_tablet&quot;:{&quot;unit&quot;:&quot;px&quot;,&quot;size&quot;:&quot;&quot;,&quot;sizes&quot;:[]},&quot;_transform_translateX_effect_mobile_extra&quot;:{&quot;unit&quot;:&quot;px&quot;,&quot;size&quot;:&quot;&quot;,&quot;sizes&quot;:[]},&quot;_transform_translateX_effect_mobile&quot;:{&quot;unit&quot;:&quot;px&quot;,&quot;size&quot;:&quot;&quot;,&quot;sizes&quot;:[]},&quot;_transform_translateY_effect_widescreen&quot;:{&quot;unit&quot;:&quot;px&quot;,&quot;size&quot;:&quot;&quot;,&quot;sizes&quot;:[]},&quot;_transform_translateY_effect_laptop&quot;:{&quot;unit&quot;:&quot;px&quot;,&quot;size&quot;:&quot;&quot;,&quot;sizes&quot;:[]},&quot;_transform_translateY_effect_tablet_extra&quot;:{&quot;unit&quot;:&quot;px&quot;,&quot;size&quot;:&quot;&quot;,&quot;sizes&quot;:[]},&quot;_transform_translateY_effect_tablet&quot;:{&quot;unit&quot;:&quot;px&quot;,&quot;size&quot;:&quot;&quot;,&quot;sizes&quot;:[]},&quot;_transform_translateY_effect_mobile_extra&quot;:{&quot;unit&quot;:&quot;px&quot;,&quot;size&quot;:&quot;&quot;,&quot;sizes&quot;:[]},&quot;_transform_translateY_effect_mobile&quot;:{&quot;unit&quot;:&quot;px&quot;,&quot;size&quot;:&quot;&quot;,&quot;sizes&quot;:[]}}\" data-widget_type=\"image.default\">\n\t\t\t\t<div class=\"elementor-widget-container\">\n\t\t\t\t\t\t\t\t\t\t\t\t\t\t\t<img decoding=\"async\" src=\"https:\/\/www.hadesbusinesscenter.com\/wp-content\/uploads\/2024\/10\/\u00a9newday-alain-4829.jpg\" title=\"\u00a9newday-alain-4829\" alt=\"\u00a9newday-alain-4829\" loading=\"lazy\" \/>\t\t\t\t\t\t\t\t\t\t\t\t\t\t\t<\/div>\n\t\t\t\t<\/div>\n\t\t\t\t<div class=\"elementor-element elementor-element-f8b8381 mb-0 elementor-widget elementor-widget-text-editor\" data-id=\"f8b8381\" data-element_type=\"widget\" data-e-type=\"widget\" data-widget_type=\"text-editor.default\">\n\t\t\t\t<div class=\"elementor-widget-container\">\n\t\t\t\t\t\t\t\t\t<div class=\"position-absolute bottom-0 left-0 bg-white w-45 w-lg-90 w-xxl-65 p-4 d-none d-sm-block\"><p class=\"text-dark fst-italic font-weight-600\">Une adresse prestigieuse et un environnement fiscal attractif au c\u0153ur d\u2019un hub \u00e9conomique international.<\/p><h3 class=\"h5 text-primary mb-1\">&#8211; Arthur C.<\/h3><\/div>\t\t\t\t\t\t\t\t<\/div>\n\t\t\t\t<\/div>\n\t\t\t\t<div class=\"elementor-element elementor-element-363e2b8 mb-0 elementor-widget elementor-widget-text-editor\" data-id=\"363e2b8\" data-element_type=\"widget\" data-e-type=\"widget\" data-widget_type=\"text-editor.default\">\n\t\t\t\t<div class=\"elementor-widget-container\">\n\t\t\t\t\t\t\t\t\t<div class=\"shape-2 d-none d-sm-block\"><\/div>\n\t\t\t\t\t\t\t\t<\/div>\n\t\t\t\t<\/div>\n\t\t\t\t\t<\/div>\n\t\t<\/div>\n\t\t\t\t<div class=\"elementor-column elementor-col-50 elementor-inner-column elementor-element elementor-element-d86f8ad\" data-id=\"d86f8ad\" data-element_type=\"column\" data-e-type=\"column\">\n\t\t\t<div class=\"elementor-widget-wrap elementor-element-populated\">\n\t\t\t\t\t\t<div class=\"elementor-element elementor-element-418783e mb-0 elementor-widget elementor-widget-text-editor\" data-id=\"418783e\" data-element_type=\"widget\" data-e-type=\"widget\" data-widget_type=\"text-editor.default\">\n\t\t\t\t<div class=\"elementor-widget-container\">\n\t\t\t\t\t\t\t\t\t<div class=\"section-title mb-1-6 mb-sm-1-9\">\n                                <span>A propos de nous<\/span>\n                                <h2 class=\"mb-0\">Un espace de coworking pour votre style de vie et votre croissance !<\/h2>\n                            <\/div>\t\t\t\t\t\t\t\t<\/div>\n\t\t\t\t<\/div>\n\t\t\t\t<div class=\"elementor-element elementor-element-714bb84 mb-0 elementor-widget elementor-widget-text-editor\" data-id=\"714bb84\" data-element_type=\"widget\" data-e-type=\"widget\" data-widget_type=\"text-editor.default\">\n\t\t\t\t<div class=\"elementor-widget-container\">\n\t\t\t\t\t\t\t\t\t<div class=\"item_fulltext\"><p>Nous sommes partis de z\u00e9ro. Cependant, l&#8217;id\u00e9e de cr\u00e9er un nouveau centre d&#8217;affaires \u00e0 Monaco remonte \u00e0 loin.<\/p><p>Lorsque nous avons commenc\u00e9 \u00e0 cr\u00e9er notre soci\u00e9t\u00e9 de conseil (le Bureau MONFIDES) il y a plus de 20 ans, nous avons rapidement r\u00e9alis\u00e9 qu&#8217;il y avait un besoin consid\u00e9rable de la part des entreprises en phase de d\u00e9marrage et de celles qui op\u00e8rent avec des structures flexibles.<\/p><p>Dans le cadre de l&#8217;accompagnement des entreprises dans leur processus de cr\u00e9ation, nous avons commenc\u00e9 \u00e0 r\u00eaver d&#8217;un espace o\u00f9 tout serait pratique, agr\u00e9able, moderne et adapt\u00e9 aux besoins des clients.<\/p><p>En pensant comme un chef d&#8217;entreprise, nous avons \u00e9labor\u00e9 un mod\u00e8le id\u00e9al bas\u00e9 sur une r\u00e9flexion m\u00fbre et d\u00e9velopp\u00e9e, qui doit \u00eatre incarn\u00e9 par notre CENTRE D&#8217;AFFAIRES.<\/p><\/div>\t\t\t\t\t\t\t\t<\/div>\n\t\t\t\t<\/div>\n\t\t\t\t\t<\/div>\n\t\t<\/div>\n\t\t\t\t\t<\/div>\n\t\t<\/section>\n\t\t\t\t\t<\/div>\n\t\t<\/div>\n\t\t\t\t\t<\/div>\n\t\t<\/section>\n\t\t\t\t<section class=\"elementor-section elementor-top-section elementor-element elementor-element-e4d86af elementor-section-stretched elementor-section-boxed elementor-section-height-default elementor-section-height-default\" data-id=\"e4d86af\" data-element_type=\"section\" data-e-type=\"section\" data-settings=\"{&quot;stretch_section&quot;:&quot;section-stretched&quot;}\">\n\t\t\t\t\t\t<div class=\"elementor-container elementor-column-gap-extended\">\n\t\t\t\t\t<div class=\"elementor-column elementor-col-100 elementor-top-column elementor-element elementor-element-0b07377\" data-id=\"0b07377\" data-element_type=\"column\" data-e-type=\"column\">\n\t\t\t<div class=\"elementor-widget-wrap elementor-element-populated\">\n\t\t\t\t\t\t<div class=\"elementor-element elementor-element-3894e55 elementor-align-left elementor-widget elementor-widget-wl-process-v1\" data-id=\"3894e55\" data-element_type=\"widget\" data-e-type=\"widget\" data-widget_type=\"wl-process-v1.default\">\n\t\t\t\t<div class=\"elementor-widget-container\">\n\t\t\t\t\t\r\n\t\t<!-- PROCESS V1\r\n        ================================================== -->\r\n        <div class=\"row mt-n1-9 g-lg-0\">\r\n\r\n        \t\r\n\t            <div class=\"col-sm-6 col-lg-3 mt-1-9\">\r\n\t                <div class=\"process-style1\">\r\n\t                    <div class=\"mb-1-6 mb-lg-2-2\">\r\n\t                    \t\t                        \t<img decoding=\"async\" src=\"https:\/\/acoworkwp.websitelayout.net\/wp-content\/uploads\/2024\/06\/icon-11.png\" alt=\"...\" title=\"...\">\r\n\t                        \t                    <\/div>\r\n\t                    <div class=\"process-content\">\r\n\t                        <div class=\"process-count position-relative\">\r\n\t                        \t\t                            \t<span>01<\/span>\r\n\t                            \r\n\t                            \t                            \t<div class=\"line\"><\/div>\r\n\t                            \t                        <\/div>\r\n\t                        \t                        \t<h4 class=\"h5\">Choisissez le service<\/h4>\r\n\t                        \r\n\t                        \t                        \t<p class=\"mb-0 display-30 w-90 w-lg-80\">S\u00e9lectionnez votre bureau<\/p>\r\n\t                        \t                    <\/div>\r\n\t                <\/div>\r\n\t            <\/div>\r\n\r\n            \r\n\t            <div class=\"col-sm-6 col-lg-3 mt-1-9\">\r\n\t                <div class=\"process-style1\">\r\n\t                    <div class=\"mb-1-6 mb-lg-2-2\">\r\n\t                    \t\t                        \t<img decoding=\"async\" src=\"https:\/\/acoworkwp.websitelayout.net\/wp-content\/uploads\/2024\/06\/icon-12.png\" alt=\"...\" title=\"...\">\r\n\t                        \t                    <\/div>\r\n\t                    <div class=\"process-content\">\r\n\t                        <div class=\"process-count position-relative\">\r\n\t                        \t\t                            \t<span>02<\/span>\r\n\t                            \r\n\t                            \t                            \t<div class=\"line\"><\/div>\r\n\t                            \t                        <\/div>\r\n\t                        \t                        \t<h4 class=\"h5\">Remplissez la demande en ligne<\/h4>\r\n\t                        \r\n\t                        \t                        \t<p class=\"mb-0 display-30 w-90 w-lg-80\">Nous vous r\u00e9pondrons rapidement<\/p>\r\n\t                        \t                    <\/div>\r\n\t                <\/div>\r\n\t            <\/div>\r\n\r\n            \r\n\t            <div class=\"col-sm-6 col-lg-3 mt-1-9\">\r\n\t                <div class=\"process-style1\">\r\n\t                    <div class=\"mb-1-6 mb-lg-2-2\">\r\n\t                    \t\t                        \t<img decoding=\"async\" src=\"https:\/\/acoworkwp.websitelayout.net\/wp-content\/uploads\/2024\/06\/icon-13.png\" alt=\"...\" title=\"...\">\r\n\t                        \t                    <\/div>\r\n\t                    <div class=\"process-content\">\r\n\t                        <div class=\"process-count position-relative\">\r\n\t                        \t\t                            \t<span>03<\/span>\r\n\t                            \r\n\t                            \t                            \t<div class=\"line\"><\/div>\r\n\t                            \t                        <\/div>\r\n\t                        \t                        \t<h4 class=\"h5\">Confirmation<\/h4>\r\n\t                        \r\n\t                        \t                    <\/div>\r\n\t                <\/div>\r\n\t            <\/div>\r\n\r\n            \r\n\t            <div class=\"col-sm-6 col-lg-3 mt-1-9\">\r\n\t                <div class=\"process-style1\">\r\n\t                    <div class=\"mb-1-6 mb-lg-2-2\">\r\n\t                    \t\t                        \t<img decoding=\"async\" src=\"https:\/\/acoworkwp.websitelayout.net\/wp-content\/uploads\/2024\/06\/icon-14.png\" alt=\"...\" title=\"...\">\r\n\t                        \t                    <\/div>\r\n\t                    <div class=\"process-content\">\r\n\t                        <div class=\"process-count position-relative\">\r\n\t                        \t\t                            \t<span>04<\/span>\r\n\t                            \r\n\t                            \t                            \t<div class=\"line\"><\/div>\r\n\t                            \t                        <\/div>\r\n\t                        \t                        \t<h4 class=\"h5\">Bonne utilisation<\/h4>\r\n\t                        \r\n\t                        \t                        \t<p class=\"mb-0 display-30 w-90 w-lg-80\">Bienvenue chez vous une fois le dossier accept\u00e9 \ud83d\ude42<\/p>\r\n\t                        \t                    <\/div>\r\n\t                <\/div>\r\n\t            <\/div>\r\n\r\n            \r\n        <\/div>\r\n           \r\n\t\t\t\t\t<\/div>\n\t\t\t\t<\/div>\n\t\t\t\t\t<\/div>\n\t\t<\/div>\n\t\t\t\t\t<\/div>\n\t\t<\/section>\n\t\t\t\t<\/div>\n\t\t","protected":false},"excerpt":{"rendered":"<p>A propos de nous Accueil A propos de nous Plus de 10 ans d&#8217;exp\u00e9rience Une adresse prestigieuse et un environnement fiscal attractif au c\u0153ur d\u2019un hub \u00e9conomique international. &#8211; Arthur C. A propos de nous Un espace de coworking pour votre style de vie et votre croissance ! Nous sommes partis de z\u00e9ro. Cependant, l&#8217;id\u00e9e [&hellip;]<\/p>\n","protected":false},"author":1,"featured_media":0,"parent":0,"menu_order":0,"comment_status":"closed","ping_status":"closed","template":"page-templates\/home.php","meta":{"_seopress_robots_primary_cat":"","_seopress_titles_title":"","_seopress_titles_desc":"","_seopress_robots_index":"","footnotes":""},"class_list":["post-22064","page","type-page","status-publish","hentry"],"_links":{"self":[{"href":"https:\/\/www.hadesbusinesscenter.com\/fr\/wp-json\/wp\/v2\/pages\/22064","targetHints":{"allow":["GET"]}}],"collection":[{"href":"https:\/\/www.hadesbusinesscenter.com\/fr\/wp-json\/wp\/v2\/pages"}],"about":[{"href":"https:\/\/www.hadesbusinesscenter.com\/fr\/wp-json\/wp\/v2\/types\/page"}],"author":[{"embeddable":true,"href":"https:\/\/www.hadesbusinesscenter.com\/fr\/wp-json\/wp\/v2\/users\/1"}],"replies":[{"embeddable":true,"href":"https:\/\/www.hadesbusinesscenter.com\/fr\/wp-json\/wp\/v2\/comments?post=22064"}],"version-history":[{"count":13,"href":"https:\/\/www.hadesbusinesscenter.com\/fr\/wp-json\/wp\/v2\/pages\/22064\/revisions"}],"predecessor-version":[{"id":22581,"href":"https:\/\/www.hadesbusinesscenter.com\/fr\/wp-json\/wp\/v2\/pages\/22064\/revisions\/22581"}],"wp:attachment":[{"href":"https:\/\/www.hadesbusinesscenter.com\/fr\/wp-json\/wp\/v2\/media?parent=22064"}],"curies":[{"name":"wp","href":"https:\/\/api.w.org\/{rel}","templated":true}]}}